{"id":16,"date":"2025-03-28T15:59:16","date_gmt":"2025-03-28T18:59:16","guid":{"rendered":"https:\/\/innovacon.simplificandotuweb.com\/?page_id=16"},"modified":"2025-06-03T15:45:46","modified_gmt":"2025-06-03T13:45:46","slug":"politica-de-cookies","status":"publish","type":"page","link":"http:\/\/www.plusenergy.cat\/ca\/politica-de-cookies\/","title":{"rendered":"Pol\u00edtica de Cookies"},"content":{"rendered":"<div data-elementor-type=\"wp-page\" data-elementor-id=\"16\" class=\"elementor elementor-16\" data-elementor-post-type=\"page\">\n\t\t\t\t<div class=\"elementor-element elementor-element-21761d4 e-flex e-con-boxed e-con e-parent\" data-id=\"21761d4\" data-element_type=\"container\" data-settings=\"{&quot;background_background&quot;:&quot;classic&quot;}\">\n\t\t\t\t\t<div class=\"e-con-inner\">\n\t\t<div class=\"elementor-element elementor-element-318d93e e-con-full e-flex e-con e-child\" data-id=\"318d93e\" data-element_type=\"container\">\n\t\t\t\t<div class=\"elementor-element elementor-element-04e6fc2 elementor-widget elementor-widget-heading\" data-id=\"04e6fc2\" data-element_type=\"widget\" data-widget_type=\"heading.default\">\n\t\t\t\t<div class=\"elementor-widget-container\">\n\t\t\t\t\t<h1 class=\"elementor-heading-title elementor-size-default\">Pol\u00edtica de Cookies<\/h1>\t\t\t\t<\/div>\n\t\t\t\t<\/div>\n\t\t\t\t<div class=\"elementor-element elementor-element-a145972 elementor-icon-list--layout-inline elementor-align-center elementor-list-item-link-full_width elementor-widget elementor-widget-icon-list\" data-id=\"a145972\" data-element_type=\"widget\" data-widget_type=\"icon-list.default\">\n\t\t\t\t<div class=\"elementor-widget-container\">\n\t\t\t\t\t\t\t<ul class=\"elementor-icon-list-items elementor-inline-items\">\n\t\t\t\t\t\t\t<li class=\"elementor-icon-list-item elementor-inline-item\">\n\t\t\t\t\t\t\t\t\t\t\t<a href=\"http:\/\/www.plusenergy.cat\/ca\">\n\n\t\t\t\t\t\t\t\t\t\t\t<span class=\"elementor-icon-list-text\">Inici<\/span>\n\t\t\t\t\t\t\t\t\t\t\t<\/a>\n\t\t\t\t\t\t\t\t\t<\/li>\n\t\t\t\t\t\t\t\t<li class=\"elementor-icon-list-item elementor-inline-item\">\n\t\t\t\t\t\t\t\t\t\t\t<a href=\"http:\/\/www.plusenergy.cat\/ca\/politica-de-cookies\/\">\n\n\t\t\t\t\t\t\t\t\t\t\t\t<span class=\"elementor-icon-list-icon\">\n\t\t\t\t\t\t\t<svg aria-hidden=\"true\" class=\"e-font-icon-svg e-fas-chevron-right\" viewbox=\"0 0 320 512\" xmlns=\"http:\/\/www.w3.org\/2000\/svg\"><path d=\"M285.476 272.971L91.132 467.314c-9.373 9.373-24.569 9.373-33.941 0l-22.667-22.667c-9.357-9.357-9.375-24.522-.04-33.901L188.505 256 34.484 101.255c-9.335-9.379-9.317-24.544.04-33.901l22.667-22.667c9.373-9.373 24.569-9.373 33.941 0L285.475 239.03c9.373 9.372 9.373 24.568.001 33.941z\"><\/path><\/svg>\t\t\t\t\t\t<\/span>\n\t\t\t\t\t\t\t\t\t\t<span class=\"elementor-icon-list-text\">Pol\u00edtica de Cookies<\/span>\n\t\t\t\t\t\t\t\t\t\t\t<\/a>\n\t\t\t\t\t\t\t\t\t<\/li>\n\t\t\t\t\t\t<\/ul>\n\t\t\t\t\t\t<\/div>\n\t\t\t\t<\/div>\n\t\t\t\t<\/div>\n\t\t\t\t\t<\/div>\n\t\t\t\t<\/div>\n\t\t<div class=\"elementor-element elementor-element-7476485 e-flex e-con-boxed e-con e-parent\" data-id=\"7476485\" data-element_type=\"container\">\n\t\t\t\t\t<div class=\"e-con-inner\">\n\t\t\t\t<div class=\"elementor-element elementor-element-35c358ad elementor-widget elementor-widget-text-editor\" data-id=\"35c358ad\" data-element_type=\"widget\" data-widget_type=\"text-editor.default\">\n\t\t\t\t<div class=\"elementor-widget-container\">\n\t\t\t\t\t\t\t\t\t\n<p><em>Aquesta pol\u00edtica de cookies va ser actualitzada per darrera vegada el 08\/01\/2024 i s&#039;aplica als ciutadans i residents legals permanents de l&#039;Espai Econ\u00f2mic Europeu i Su\u00efssa.<\/em><\/p>\n\n<p><strong>1. Introducci\u00f3<\/strong><\/p>\n\n<p>La nostra web, <a href=\"http:\/\/www.plusenergy.cat\/ca\/\"><strong>http:\/\/www.plusenergy.cat\/<\/strong><\/a>\u00a0\u00a0(d&#039;ara endavant: \u00abla web\u00bb) utilitza cookies i altres tecnologies relacionades (per a m\u00e9s comoditat, totes les tecnologies s&#039;anomenen \u00abcookies\u00bb). Les cookies tamb\u00e9 s\u00f3n col\u00b7locades per tercers als que hem contractat. Al seg\u00fcent document t&#039;informem sobre l&#039;\u00fas de cookies a la nostra web.<\/p>\n\n<p><strong>2. Qu\u00e8 s\u00f3n les galetes?<\/strong><\/p>\n\n<p>Una galeta \u00e9s un petit fitxer que s&#039;envia juntament amb les p\u00e0gines d&#039;aquesta web i que el vostre navegador emmagatzema al disc dur del vostre ordinador o un altre dispositiu. La informaci\u00f3 emmagatzemada pot ser tornada als nostres servidors o als servidors de tercers apropiats durant una visita posterior.<\/p>\n\n<p><strong>3. Qu\u00e8 s\u00f3n els scripts?<\/strong><\/p>\n\n<p>Un script \u00e9s un fragment de codi de programa que s&#039;utilitza per fer que la nostra web funcioni correctament i de manera interactiva. Aquest codi s&#039;executa al nostre servidor o al vostre dispositiu.<\/p>\n\n<p><strong>4. Qu\u00e8 \u00e9s una balisa web?<\/strong><\/p>\n\n<p>Una balisa web (o una etiqueta de p\u00edxel) \u00e9s una petita i invisible pe\u00e7a de text o imatge en una web que sutilitza per monitoritzar el tr\u00e0nsit en una web. Per aix\u00f2, s&#039;emmagatzemen diverses dades sobre vost\u00e8 mitjan\u00e7ant aquestes balises web.<\/p>\n\n<p><strong>5. Cookies<\/strong><\/p>\n\n<p><strong>5.1 Galetes t\u00e8cniques o funcionals<\/strong><\/p>\n\n<p>Algunes galetes asseguren que certes parts del web funcionin correctament i que les teves prefer\u00e8ncies d&#039;usuari es continu\u00efn recordant. En col\u00b7locar cookies funcionals, et facilitem la visita a la nostra web. D&#039;aquesta manera, no necessites introduir repetidament la mateixa informaci\u00f3 quan visites la nostra web i, per exemple, els articles romanen a la cistella de la compra fins que hagis pagat. Podem col\u00b7locar aquestes galetes sense el teu consentiment.<\/p>\n\n<p><strong>5.2 Galetes de m\u00e0rqueting\/seguiment<\/strong><\/p>\n\n<p>Les galetes de m\u00e0rqueting\/seguiment s\u00f3n galetes, o qualsevol altra forma d&#039;emmagatzematge local, usades per crear perfils d&#039;usuari per mostrar publicitat o per fer el seguiment de l&#039;usuari en aquesta web o en diverses webs amb finalitats de m\u00e0rqueting similars.<\/p>\n\n<p><strong>6. Cookies usades<\/strong><\/p>\n\n<p><strong>Elementor<\/strong><\/p>\n\n<p>Estad\u00edstiques (an\u00f2nimes)<\/p>\n\n<p>Consent to service elementor<\/p>\n\n<p><strong>WordPress<\/strong><\/p>\n\n<p>Funcional<\/p>\n\n<p>Consent to service wordpress<\/p>\n\n<p><strong>Diversos<\/strong><\/p>\n\n<p>Prop\u00f2sit pendent de recerca<\/p>\n\n<p>Consent to service diversos<\/p>\n\n<p><strong>7. Consentiment<\/strong><\/p>\n\n<p>Quan visiteu la nostra web per primera vegada, us mostrarem una finestra emergent amb una explicaci\u00f3 sobre les cookies. Tan bon punt feu clic a \u00abDesa les prefer\u00e8ncies\u00bb, accepteu que utilitzem les categories de galetes i connectors que heu seleccionat a la finestra emergent, tal com es descriu en aquesta pol\u00edtica de galetes. Podeu desactivar l&#039;\u00fas de cookies a trav\u00e9s del vostre navegador, per\u00f2, si us plau, tingueu en compte que la nostra web pot deixar de funcionar correctament.<\/p>\n\n<p><strong>7.1 Gestiona els teus ajustaments de consentiment<\/strong><\/p>\n\n<p>Funcional<\/p>\n\n<p>Sempre actiu<\/p>\n\n<p>M\u00e0rqueting<\/p>\n\n<p>M\u00e0rqueting<\/p>\n\n<p><strong>8. Activaci\u00f3\/desactivaci\u00f3 i esborrament de cookies<\/strong><\/p>\n\n<p>Podeu utilitzar el vostre navegador d&#039;Internet per eliminar les galetes de forma autom\u00e0tica o manual. Tamb\u00e9 pots especificar que certes galetes no poden ser col\u00b7locades. Una altra opci\u00f3 \u00e9s canviar els par\u00e0metres del vostre navegador d&#039;Internet perqu\u00e8 rebis un missatge cada vegada que es col\u00b7loca una galeta. Per obtenir m\u00e9s informaci\u00f3 sobre aquestes opcions, consulteu les instruccions de la secci\u00f3 \u00abAjuda\u00bb del vostre navegador.<\/p>\n\n<p>Tingues en compte que la nostra web pot no funcionar correctament si totes les galetes estan desactivades. Si esborres les cookies del teu navegador, es tornaran a col\u00b7locar despr\u00e9s del teu consentiment quan tornis a visitar les nostres webs.<\/p>\n\n<p><strong>9. Els teus drets pel que fa a les dades personals<\/strong><\/p>\n\n<p>Tens els drets seg\u00fcents pel que fa a les teves dades personals:<\/p>\n\n<ul class=\"wp-block-list\">\n<li>T\u00e9 dret a saber per qu\u00e8 es necessiten les teves dades personals, qu\u00e8 passar\u00e0 amb elles i durant quant de temps es conservaran.<\/li>\n\n<li>Dret d&#039;acc\u00e9s: tens dret a accedir a les dades personals que coneixem.<\/li>\n\n<li>Dret de rectificaci\u00f3: tens dret a completar, rectificar, esborrar o bloquejar les teves dades personals quan vulguis.<\/li>\n\n<li>Si ens d\u00f3nes el teu consentiment per processar les teves dades, tens dret a revocar aquest consentiment ia que s&#039;eliminin les teves dades personals.<\/li>\n\n<li>Dret de cessi\u00f3 de les teves dades: tens dret a sol\u00b7licitar totes les dades personals al responsable del tractament ia transferir-les \u00edntegrament a un altre responsable del tractament.<\/li>\n\n<li>Dret d&#039;oposici\u00f3: et pots oposar al tractament de les teves dades. Nosaltres complim amb aix\u00f2, tret que hi hagi motius justificats per al processament.<\/li>\n<\/ul>\n\n<p>Per exercir aquests drets, si us plau, contacta amb nosaltres. Si us plau, consulteu els detalls de contacte a la part inferior d&#039;aquesta pol\u00edtica de cookies. Si teniu alguna queixa sobre com gestionem les vostres dades, ens agradaria que ens la fessis saber, per\u00f2 tamb\u00e9 tens dret a enviar una queixa a l&#039;autoritat supervisora (l&#039;autoritat de protecci\u00f3 de dades).<\/p>\n\n<p><strong>10. Dades de contacte<\/strong><\/p>\n\n<p>Per a preguntes i\/o comentaris sobre la nostra pol\u00edtica de cookies i aquesta declaraci\u00f3, si us plau, contacta amb nosaltres usant les seg\u00fcents dades de contacte:<\/p>\n\n<ul class=\"wp-block-list\">\n<li><strong>Empresa: <\/strong>ANNA PORTELLA LLUCH<\/li>\n\n<li><strong>NIF: <\/strong>78074054W<\/li>\n\n<li><strong>Responsable: <\/strong>Anna<\/li>\n\n<li><strong>Domicili: <\/strong>Carrer del Pont, 29, 4rt<\/li>\n\n<li><strong>CP i Poblaci\u00f3<\/strong>: 25600 Balaguer, Lleida<\/li>\n\n<li><strong>Tel\u00e8fon: <\/strong>607295061<\/li>\n<li><strong>Email:<\/strong>\u00a0<a href=\"mailto:info@plusenergy.cat\" target=\"_blank\" rel=\"noopener\">info@plusenergy.cat<\/a><\/li>\n<\/ul>\n\n<p>\u00a0<\/p>\n<p>Aquesta pol\u00edtica de galetes s&#039;ha sincronitzat amb\u00a0<a href=\"https:\/\/cookiedatabase.org\/\">cookiedatabase.org<\/a>\u00a0el 08\/01\/2024.<\/p>\n\t\t\t\t\t\t\t\t<\/div>\n\t\t\t\t<\/div>\n\t\t\t\t\t<\/div>\n\t\t\t\t<\/div>\n\t\t\t\t<\/div>","protected":false},"excerpt":{"rendered":"<p>Inicio Esta pol\u00edtica de cookies fue actualizada por \u00faltima vez el 08\/01\/2024 y se aplica a los ciudadanos y residentes legales permanentes del Espacio Econ\u00f3mico Europeo y Suiza. 1. Introducci\u00f3n Nuestra web, http:\/\/www.plusenergy.cat\/\u00a0\u00a0(en adelante: \u00abla web\u00bb) utiliza cookies y otras tecnolog\u00edas relacionadas (para mayor comodidad, todas las tecnolog\u00edas se denominan \u00abcookies\u00bb). Las cookies tambi\u00e9n son [&hellip;]<\/p>","protected":false},"author":1,"featured_media":0,"parent":0,"menu_order":0,"comment_status":"closed","ping_status":"closed","template":"","meta":{"footnotes":""},"class_list":["post-16","page","type-page","status-publish","hentry"],"yoast_head":"<!-- This site is optimized with the Yoast SEO plugin v26.4 - https:\/\/yoast.com\/wordpress\/plugins\/seo\/ -->\n<title>Pol\u00edtica de Cookies - Plus Energy<\/title>\n<meta name=\"robots\" content=\"index, follow, max-snippet:-1, max-image-preview:large, max-video-preview:-1\" \/>\n<link rel=\"canonical\" href=\"https:\/\/www.plusenergy.cat\/ca\/politica-de-cookies\/\" \/>\n<meta property=\"og:locale\" content=\"ca_ES\" \/>\n<meta property=\"og:type\" content=\"article\" \/>\n<meta property=\"og:title\" content=\"Pol\u00edtica de Cookies - Plus Energy\" \/>\n<meta property=\"og:description\" content=\"Inicio Esta pol\u00edtica de cookies fue actualizada por \u00faltima vez el 08\/01\/2024 y se aplica a los ciudadanos y residentes legales permanentes del Espacio Econ\u00f3mico Europeo y Suiza. 1. Introducci\u00f3n Nuestra web, http:\/\/www.plusenergy.cat\/\u00a0\u00a0(en adelante: \u00abla web\u00bb) utiliza cookies y otras tecnolog\u00edas relacionadas (para mayor comodidad, todas las tecnolog\u00edas se denominan \u00abcookies\u00bb). Las cookies tambi\u00e9n son [&hellip;]\" \/>\n<meta property=\"og:url\" content=\"https:\/\/www.plusenergy.cat\/ca\/politica-de-cookies\/\" \/>\n<meta property=\"og:site_name\" content=\"Plus Energy\" \/>\n<meta property=\"article:modified_time\" content=\"2025-06-03T13:45:46+00:00\" \/>\n<meta name=\"twitter:card\" content=\"summary_large_image\" \/>\n<meta name=\"twitter:label1\" content=\"Temps estimat de lectura\" \/>\n\t<meta name=\"twitter:data1\" content=\"4 minuts\" \/>\n<script type=\"application\/ld+json\" class=\"yoast-schema-graph\">{\"@context\":\"https:\/\/schema.org\",\"@graph\":[{\"@type\":\"WebPage\",\"@id\":\"https:\/\/www.plusenergy.cat\/politica-de-cookies\/\",\"url\":\"https:\/\/www.plusenergy.cat\/politica-de-cookies\/\",\"name\":\"Pol\u00edtica de Cookies - Plus Energy\",\"isPartOf\":{\"@id\":\"https:\/\/www.plusenergy.cat\/#website\"},\"datePublished\":\"2025-03-28T18:59:16+00:00\",\"dateModified\":\"2025-06-03T13:45:46+00:00\",\"breadcrumb\":{\"@id\":\"https:\/\/www.plusenergy.cat\/politica-de-cookies\/#breadcrumb\"},\"inLanguage\":\"ca\",\"potentialAction\":[{\"@type\":\"ReadAction\",\"target\":[\"https:\/\/www.plusenergy.cat\/politica-de-cookies\/\"]}]},{\"@type\":\"BreadcrumbList\",\"@id\":\"https:\/\/www.plusenergy.cat\/politica-de-cookies\/#breadcrumb\",\"itemListElement\":[{\"@type\":\"ListItem\",\"position\":1,\"name\":\"Portada\",\"item\":\"https:\/\/www.plusenergy.cat\/\"},{\"@type\":\"ListItem\",\"position\":2,\"name\":\"Pol\u00edtica de Cookies\"}]},{\"@type\":\"WebSite\",\"@id\":\"https:\/\/www.plusenergy.cat\/#website\",\"url\":\"https:\/\/www.plusenergy.cat\/\",\"name\":\"Plus Energy\",\"description\":\"Optimizaci\u00f3n energ\u00e9tica y rehabilitaci\u00f3n de edificios en Barcelona, Lleida y Vall\u00e8s\",\"potentialAction\":[{\"@type\":\"SearchAction\",\"target\":{\"@type\":\"EntryPoint\",\"urlTemplate\":\"https:\/\/www.plusenergy.cat\/?s={search_term_string}\"},\"query-input\":{\"@type\":\"PropertyValueSpecification\",\"valueRequired\":true,\"valueName\":\"search_term_string\"}}],\"inLanguage\":\"ca\"}]}<\/script>\n<!-- \/ Yoast SEO plugin. -->","yoast_head_json":{"title":"Pol\u00edtica de Cookies - Plus Energy","robots":{"index":"index","follow":"follow","max-snippet":"max-snippet:-1","max-image-preview":"max-image-preview:large","max-video-preview":"max-video-preview:-1"},"canonical":"https:\/\/www.plusenergy.cat\/ca\/politica-de-cookies\/","og_locale":"ca_ES","og_type":"article","og_title":"Pol\u00edtica de Cookies - Plus Energy","og_description":"Inicio Esta pol\u00edtica de cookies fue actualizada por \u00faltima vez el 08\/01\/2024 y se aplica a los ciudadanos y residentes legales permanentes del Espacio Econ\u00f3mico Europeo y Suiza. 1. Introducci\u00f3n Nuestra web, http:\/\/www.plusenergy.cat\/\u00a0\u00a0(en adelante: \u00abla web\u00bb) utiliza cookies y otras tecnolog\u00edas relacionadas (para mayor comodidad, todas las tecnolog\u00edas se denominan \u00abcookies\u00bb). Las cookies tambi\u00e9n son [&hellip;]","og_url":"https:\/\/www.plusenergy.cat\/ca\/politica-de-cookies\/","og_site_name":"Plus Energy","article_modified_time":"2025-06-03T13:45:46+00:00","twitter_card":"summary_large_image","twitter_misc":{"Temps estimat de lectura":"4 minuts"},"schema":{"@context":"https:\/\/schema.org","@graph":[{"@type":"WebPage","@id":"https:\/\/www.plusenergy.cat\/politica-de-cookies\/","url":"https:\/\/www.plusenergy.cat\/politica-de-cookies\/","name":"Pol\u00edtica de Cookies - Plus Energy","isPartOf":{"@id":"https:\/\/www.plusenergy.cat\/#website"},"datePublished":"2025-03-28T18:59:16+00:00","dateModified":"2025-06-03T13:45:46+00:00","breadcrumb":{"@id":"https:\/\/www.plusenergy.cat\/politica-de-cookies\/#breadcrumb"},"inLanguage":"ca","potentialAction":[{"@type":"ReadAction","target":["https:\/\/www.plusenergy.cat\/politica-de-cookies\/"]}]},{"@type":"BreadcrumbList","@id":"https:\/\/www.plusenergy.cat\/politica-de-cookies\/#breadcrumb","itemListElement":[{"@type":"ListItem","position":1,"name":"Portada","item":"https:\/\/www.plusenergy.cat\/"},{"@type":"ListItem","position":2,"name":"Pol\u00edtica de Cookies"}]},{"@type":"WebSite","@id":"https:\/\/www.plusenergy.cat\/#website","url":"https:\/\/www.plusenergy.cat\/","name":"Plus Energy","description":"Optimitzaci\u00f3 energ\u00e8tica i rehabilitaci\u00f3 dedificis a Barcelona, Lleida i Vall\u00e8s","potentialAction":[{"@type":"SearchAction","target":{"@type":"EntryPoint","urlTemplate":"https:\/\/www.plusenergy.cat\/?s={search_term_string}"},"query-input":{"@type":"PropertyValueSpecification","valueRequired":true,"valueName":"search_term_string"}}],"inLanguage":"ca"}]}},"_links":{"self":[{"href":"http:\/\/www.plusenergy.cat\/ca\/wp-json\/wp\/v2\/pages\/16","targetHints":{"allow":["GET"]}}],"collection":[{"href":"http:\/\/www.plusenergy.cat\/ca\/wp-json\/wp\/v2\/pages"}],"about":[{"href":"http:\/\/www.plusenergy.cat\/ca\/wp-json\/wp\/v2\/types\/page"}],"author":[{"embeddable":true,"href":"http:\/\/www.plusenergy.cat\/ca\/wp-json\/wp\/v2\/users\/1"}],"replies":[{"embeddable":true,"href":"http:\/\/www.plusenergy.cat\/ca\/wp-json\/wp\/v2\/comments?post=16"}],"version-history":[{"count":9,"href":"http:\/\/www.plusenergy.cat\/ca\/wp-json\/wp\/v2\/pages\/16\/revisions"}],"predecessor-version":[{"id":503,"href":"http:\/\/www.plusenergy.cat\/ca\/wp-json\/wp\/v2\/pages\/16\/revisions\/503"}],"wp:attachment":[{"href":"http:\/\/www.plusenergy.cat\/ca\/wp-json\/wp\/v2\/media?parent=16"}],"curies":[{"name":"wp","href":"https:\/\/api.w.org\/{rel}","templated":true}]}}