{"id":18,"date":"2025-03-28T16:03:06","date_gmt":"2025-03-28T19:03:06","guid":{"rendered":"https:\/\/innovacon.simplificandotuweb.com\/?page_id=18"},"modified":"2025-07-04T21:17:20","modified_gmt":"2025-07-04T19:17:20","slug":"aviso-legal","status":"publish","type":"page","link":"http:\/\/www.plusenergy.cat\/ca\/aviso-legal\/","title":{"rendered":"Av\u00eds Legal"},"content":{"rendered":"<div data-elementor-type=\"wp-page\" data-elementor-id=\"18\" class=\"elementor elementor-18\" data-elementor-post-type=\"page\">\n\t\t\t\t<div class=\"elementor-element elementor-element-960a5aa e-flex e-con-boxed e-con e-parent\" data-id=\"960a5aa\" data-element_type=\"container\" data-settings=\"{&quot;background_background&quot;:&quot;classic&quot;}\">\n\t\t\t\t\t<div class=\"e-con-inner\">\n\t\t<div class=\"elementor-element elementor-element-719dd66 e-con-full e-flex e-con e-child\" data-id=\"719dd66\" data-element_type=\"container\">\n\t\t\t\t<div class=\"elementor-element elementor-element-7e59253 elementor-widget elementor-widget-heading\" data-id=\"7e59253\" data-element_type=\"widget\" data-widget_type=\"heading.default\">\n\t\t\t\t<div class=\"elementor-widget-container\">\n\t\t\t\t\t<h1 class=\"elementor-heading-title elementor-size-default\">Av\u00eds Legal<\/h1>\t\t\t\t<\/div>\n\t\t\t\t<\/div>\n\t\t\t\t<div class=\"elementor-element elementor-element-92fca93 elementor-icon-list--layout-inline elementor-align-center elementor-list-item-link-full_width elementor-widget elementor-widget-icon-list\" data-id=\"92fca93\" data-element_type=\"widget\" data-widget_type=\"icon-list.default\">\n\t\t\t\t<div class=\"elementor-widget-container\">\n\t\t\t\t\t\t\t<ul class=\"elementor-icon-list-items elementor-inline-items\">\n\t\t\t\t\t\t\t<li class=\"elementor-icon-list-item elementor-inline-item\">\n\t\t\t\t\t\t\t\t\t\t\t<a href=\"http:\/\/www.plusenergy.cat\/ca\">\n\n\t\t\t\t\t\t\t\t\t\t\t<span class=\"elementor-icon-list-text\">Inici<\/span>\n\t\t\t\t\t\t\t\t\t\t\t<\/a>\n\t\t\t\t\t\t\t\t\t<\/li>\n\t\t\t\t\t\t\t\t<li class=\"elementor-icon-list-item elementor-inline-item\">\n\t\t\t\t\t\t\t\t\t\t\t<a href=\"http:\/\/www.plusenergy.cat\/ca\/aviso-legal\/\">\n\n\t\t\t\t\t\t\t\t\t\t\t\t<span class=\"elementor-icon-list-icon\">\n\t\t\t\t\t\t\t<svg aria-hidden=\"true\" class=\"e-font-icon-svg e-fas-chevron-right\" viewbox=\"0 0 320 512\" xmlns=\"http:\/\/www.w3.org\/2000\/svg\"><path d=\"M285.476 272.971L91.132 467.314c-9.373 9.373-24.569 9.373-33.941 0l-22.667-22.667c-9.357-9.357-9.375-24.522-.04-33.901L188.505 256 34.484 101.255c-9.335-9.379-9.317-24.544.04-33.901l22.667-22.667c9.373-9.373 24.569-9.373 33.941 0L285.475 239.03c9.373 9.372 9.373 24.568.001 33.941z\"><\/path><\/svg>\t\t\t\t\t\t<\/span>\n\t\t\t\t\t\t\t\t\t\t<span class=\"elementor-icon-list-text\">Av\u00eds Legal<\/span>\n\t\t\t\t\t\t\t\t\t\t\t<\/a>\n\t\t\t\t\t\t\t\t\t<\/li>\n\t\t\t\t\t\t<\/ul>\n\t\t\t\t\t\t<\/div>\n\t\t\t\t<\/div>\n\t\t\t\t<\/div>\n\t\t\t\t\t<\/div>\n\t\t\t\t<\/div>\n\t\t<div class=\"elementor-element elementor-element-75af619b e-flex e-con-boxed e-con e-parent\" data-id=\"75af619b\" data-element_type=\"container\">\n\t\t\t\t\t<div class=\"e-con-inner\">\n\t\t\t\t<div class=\"elementor-element elementor-element-2c33523f elementor-widget elementor-widget-text-editor\" data-id=\"2c33523f\" data-element_type=\"widget\" data-widget_type=\"text-editor.default\">\n\t\t\t\t<div class=\"elementor-widget-container\">\n\t\t\t\t\t\t\t\t\t\n<p><strong>Responsable del tractament de les dades<\/strong><\/p>\n\n<p>En compliment del deure informaci\u00f3 que estableix la Llei La 34\/2002, d&#039;11 de juliol, de Serveis de la Societat de la Informaci\u00f3 i del Comer\u00e7 Electr\u00f2nic, us comuniquem que aquesta web \u00e9s titularitat de:<\/p>\n\n<ul class=\"wp-block-list\">\n<li><strong>Empresa: <\/strong>ANNA PORTELLA LLUCH<\/li>\n\n<li><strong>NIF: <\/strong>78074054W<\/li>\n\n<li><strong>Responsable: <\/strong>Anna<\/li>\n\n<li><strong>Domicili: <\/strong>Carrer del Pont, 29, 4rt<\/li>\n\n<li><strong>CP i Poblaci\u00f3<\/strong>: 25600 Balaguer, Lleida<\/li>\n\n<li><strong>Tel\u00e8fon: <\/strong>607295061<\/li>\n<li><strong>Email:<\/strong> <a href=\"mailto:info@plusenergy.cat\" target=\"_blank\" rel=\"noopener\">info@plusenergy.cat<\/a><\/li>\n<\/ul>\n\n<p>\u00a0<\/p>\n<p><strong>Objecte<\/strong><\/p>\n\n<p>El Responsable posa a disposici\u00f3 dels usuaris aquest document amb el qual pret\u00e9n donar compliment del que disposa la normativa vigent en mat\u00e8ria de protecci\u00f3 de dades, i en el context del nou marc normatiu establert en virtut del que disposa el Reglament (UE ) 2016\/679 del Parlament Europeu i del Consell, de 27 d&#039;abril de 2016, quant a dades de la protecci\u00f3 de dades dades (d&#039;ara endavant, el \u201cRGPD\u201d), i la normativa nacional en mat\u00e8ria de protecci\u00f3 de dades de car\u00e0cter personal, aix\u00ed com informar tots els usuaris del lloc web respecte a quines en s\u00f3n les condicions d&#039;\u00fas. Tota persona que accedeixi a aquest lloc web assumeix el paper d&#039;usuari, comprometent-se a l&#039;observan\u00e7a i el compliment rigor\u00f3s de les disposicions aqu\u00ed disposades, aix\u00ed com a qualsevol altra disposici\u00f3 legal que sigui aplicable. El Responsable es reserva el dret a modificar qualsevol tipus d&#039;informaci\u00f3 que pogu\u00e9s apar\u00e8ixer al lloc web, sense que hi hagi obligaci\u00f3 de preavisar o posar en coneixement dels usuaris aquestes obligacions, entenent-se com a suficient amb la publicaci\u00f3 al lloc web del Responsable.<\/p>\n\n<p><strong>Responsabilitat<\/strong><\/p>\n\n<p>El Responsable s&#039;eximeix de qualsevol tipus de responsabilitat derivada de la informaci\u00f3 publicada al vostre lloc web, sempre que aquesta informaci\u00f3 hagi estat manipulada o introdu\u00efda per un tercer ali\u00e8 al mateix.<\/p>\n\n<p><strong>Adreces ip<\/strong><\/p>\n\n<p>Els servidors del lloc web podran detectar autom\u00e0ticament ladre\u00e7a IP i el nom de domini utilitzats per lusuari. Una adre\u00e7a IP \u00e9s un n\u00famero assignat autom\u00e0ticament a un ordinador quan aquest es connecta a Internet. Tota aquesta informaci\u00f3 est\u00e0 registrada a un fitxer d&#039;activitat del servidor, degudament inscrit, que permet el processament posterior de les dades per obtenir mesures \u00fanicament estad\u00edstiques que permetin con\u00e8ixer el nombre d&#039;impressions de p\u00e0gines, el nombre de visites realitzades als servidors web, ordre de visites, punt d&#039;acc\u00e9s, etc.<\/p>\n\n<p><strong>Pol\u00edtica d&#039;enlla\u00e7os<\/strong><\/p>\n\n<p>Des del present lloc web \u00e9s possible que es redirigeixi a continguts de tercers llocs web. At\u00e8s que El Responsable no pot controlar sempre els continguts introdu\u00efts pels tercers als seus llocs web, aquest no assumeix cap mena de responsabilitat respecte a aquests continguts. En tot cas, El Responsable manifesta que procedir\u00e0 a la retirada immediata de qualsevol contingut que pogu\u00e9s contravenir la legislaci\u00f3 nacional o internacional, la moral o l&#039;ordre p\u00fablic, procedint a la retirada immediata de la redirecci\u00f3 a aquest lloc web, posant en coneixement de les autoritats competents el contingut en q\u00fcesti\u00f3. El Responsable no es fa responsable de la informaci\u00f3 i continguts emmagatzemats, a t\u00edtol enunciatiu per\u00f2 no limitatiu, en f\u00f2rums, xats, generadors de blocs, comentaris, xarxes socials o qualsevol altre mitj\u00e0 que permeti a tercers publicar continguts de forma independent a la p\u00e0gina web del Responsable. No obstant aix\u00f2 i en compliment del que disposa l&#039;art. 11 i 16 de la LSSICE, El Responsable es posa a disposici\u00f3 de tots els usuaris, autoritats i forces de seguretat, col\u00b7laborant de forma activa en la retirada o si \u00e9s el cas bloqueig de tots aquells continguts que poguessin afectar o contravenir la legislaci\u00f3 nacional, o internacional, drets de tercers o la moral i l&#039;ordre p\u00fablic. En cas que l&#039;usuari consideri que hi ha al lloc web algun contingut que pogu\u00e9s ser susceptible d&#039;aquesta classificaci\u00f3, es prega que ho notifiqui de manera immediata a l&#039;administrador del lloc web. Aquest lloc web ha estat revisat i provat perqu\u00e8 funcioni correctament. En principi, es pot garantir el funcionament correcte els 365 dies de l&#039;any, 24 hores al dia. Tot i aix\u00f2, El Responsable no descarta la possibilitat que hi hagi certs errors de programaci\u00f3, o que es converteixin en causes de for\u00e7a major, cat\u00e0strofes naturals, vagues, o circumst\u00e0ncies similars que facin impossible l&#039;acc\u00e9s a la p\u00e0gina web.<\/p>\n\n<p><strong>Protecci\u00f3 de dades<\/strong><\/p>\n\n<p>El Responsable es troba profundament comprom\u00e8s en el compliment del que disposa la normativa vigent en mat\u00e8ria de protecci\u00f3 de dades, i en el context del nou marc normatiu establert en virtut del que disposa el Reglament (UE) 2016\/679 del Parlament Europeu i del Consell , de 27 d&#039;abril de 2016, relatiu a la protecci\u00f3 de les persones f\u00edsiques pel que fa a la protecci\u00f3 de les persones f\u00edsiques RGPD), i la normativa nacional en mat\u00e8ria de protecci\u00f3 de dades de car\u00e0cter personal. Aix\u00ed mateix, El Responsable informa que d\u00f3na compliment a la Llei 34\/2002 d&#039;11 de juliol, de Serveis de la Societat de la Informaci\u00f3 i el Comer\u00e7 Electr\u00f2nic i us sol\u00b7licitar\u00e0 el consentiment al tractament de les vostres dades amb fins comercials en cada moment.<\/p>\n\n<p><strong>Propietat intel\u00b7lectual i industrial<\/strong><\/p>\n\n<p>El lloc web, incloent-hi a t\u00edtol enunciatiu per\u00f2 no limitatiu la seva programaci\u00f3, edici\u00f3, compilaci\u00f3 i altres elements necessaris per al seu funcionament, els dissenys, logotips, text i\/o gr\u00e0fics s\u00f3n propietat del Responsable o si escau disposa de llic\u00e8ncia o autoritzaci\u00f3 expressa per part dels autors. Tots els continguts del lloc web estan protegits degudament per la normativa de propietat intel\u00b7lectual i industrial. Independentment de la finalitat per a la qual fossin destinats, la reproducci\u00f3 total o parcial, \u00fas, explotaci\u00f3, distribuci\u00f3 i comercialitzaci\u00f3 requereix en tot cas lautoritzaci\u00f3 escrita pr\u00e8via per part del Responsable. Qualsevol \u00fas no autoritzat pr\u00e8viament pel responsable ser\u00e0 considerat un incompliment greu dels drets de propietat intel\u00b7lectual o industrial de lautor. Els dissenys, logotips, text i\/o gr\u00e0fics aliens al prestador i que poguessin apar\u00e8ixer al lloc web, pertanyen als seus respectius propietaris, sent ells mateixos responsables de qualsevol possible controv\u00e8rsia que pogu\u00e9s suscitar-se respecte a aquests. En tot cas, El Responsable compta amb lautoritzaci\u00f3 expressa i pr\u00e8via per part dels mateixos. El Responsable autoritza expressament que tercers puguin redirigir directament els continguts concrets del lloc web, i en tot cas ha de redirigir a la p\u00e0gina principal del lloc web del Responsable. El Responsable reconeix a favor dels seus titulars els corresponents drets de propietat intel\u00b7lectual i industrial, i no implica la seva sola menci\u00f3 o aparici\u00f3 al lloc web l&#039;exist\u00e8ncia de drets o responsabilitat del Responsable sobre aquests, com tampoc suport, patrocini o recomanaci\u00f3 pel seu part. Per a totes aquelles imatges en qu\u00e8 el programari de disseny ho permet, s&#039;hi han incl\u00f2s les refer\u00e8ncies corresponents a l&#039;autoria i la llic\u00e8ncia corresponent. Per realitzar qualsevol tipus d&#039;observaci\u00f3 respecte a possibles incompliments dels drets de propietat intel\u00b7lectual o industrial, aix\u00ed com sobre qualsevol dels continguts del lloc web, ho podeu fer a trav\u00e9s del correu electr\u00f2nic seg\u00fcent: <a href=\"mailto:info@plusenergy.cat\" target=\"_blank\" rel=\"noopener\"><strong>info@plusenergy.cat<\/strong><\/a><\/p>\n\n<p>\u00a0<\/p>\n\t\t\t\t\t\t\t\t<\/div>\n\t\t\t\t<\/div>\n\t\t\t\t\t<\/div>\n\t\t\t\t<\/div>\n\t\t\t\t<\/div>","protected":false},"excerpt":{"rendered":"<p>Inicio Responsable del tratamiento de los datos En cumplimiento del deber de informaci\u00f3n que establece la Ley La 34\/2002, de 11 de julio, de Servicios de la Sociedad de la Informaci\u00f3n y del Comercio Electr\u00f3nico, le comunicamos que esta web es titularidad de: \u00a0 Objeto El Responsable pone a disposici\u00f3n de los usuarios este documento [&hellip;]<\/p>","protected":false},"author":1,"featured_media":0,"parent":0,"menu_order":0,"comment_status":"closed","ping_status":"closed","template":"","meta":{"footnotes":""},"class_list":["post-18","page","type-page","status-publish","hentry"],"yoast_head":"<!-- This site is optimized with the Yoast SEO plugin v26.4 - https:\/\/yoast.com\/wordpress\/plugins\/seo\/ -->\n<title>Aviso Legal - Plus Energy<\/title>\n<meta name=\"robots\" content=\"index, follow, max-snippet:-1, max-image-preview:large, max-video-preview:-1\" \/>\n<link rel=\"canonical\" href=\"https:\/\/www.plusenergy.cat\/ca\/aviso-legal\/\" \/>\n<meta property=\"og:locale\" content=\"ca_ES\" \/>\n<meta property=\"og:type\" content=\"article\" \/>\n<meta property=\"og:title\" content=\"Aviso Legal - Plus Energy\" \/>\n<meta property=\"og:description\" content=\"Inicio Responsable del tratamiento de los datos En cumplimiento del deber de informaci\u00f3n que establece la Ley La 34\/2002, de 11 de julio, de Servicios de la Sociedad de la Informaci\u00f3n y del Comercio Electr\u00f3nico, le comunicamos que esta web es titularidad de: \u00a0 Objeto El Responsable pone a disposici\u00f3n de los usuarios este documento [&hellip;]\" \/>\n<meta property=\"og:url\" content=\"https:\/\/www.plusenergy.cat\/ca\/aviso-legal\/\" \/>\n<meta property=\"og:site_name\" content=\"Plus Energy\" \/>\n<meta property=\"article:modified_time\" content=\"2025-07-04T19:17:20+00:00\" \/>\n<meta name=\"twitter:card\" content=\"summary_large_image\" \/>\n<meta name=\"twitter:label1\" content=\"Temps estimat de lectura\" \/>\n\t<meta name=\"twitter:data1\" content=\"6 minuts\" \/>\n<script type=\"application\/ld+json\" class=\"yoast-schema-graph\">{\"@context\":\"https:\/\/schema.org\",\"@graph\":[{\"@type\":\"WebPage\",\"@id\":\"https:\/\/www.plusenergy.cat\/aviso-legal\/\",\"url\":\"https:\/\/www.plusenergy.cat\/aviso-legal\/\",\"name\":\"Aviso Legal - Plus Energy\",\"isPartOf\":{\"@id\":\"https:\/\/www.plusenergy.cat\/#website\"},\"datePublished\":\"2025-03-28T19:03:06+00:00\",\"dateModified\":\"2025-07-04T19:17:20+00:00\",\"breadcrumb\":{\"@id\":\"https:\/\/www.plusenergy.cat\/aviso-legal\/#breadcrumb\"},\"inLanguage\":\"ca\",\"potentialAction\":[{\"@type\":\"ReadAction\",\"target\":[\"https:\/\/www.plusenergy.cat\/aviso-legal\/\"]}]},{\"@type\":\"BreadcrumbList\",\"@id\":\"https:\/\/www.plusenergy.cat\/aviso-legal\/#breadcrumb\",\"itemListElement\":[{\"@type\":\"ListItem\",\"position\":1,\"name\":\"Portada\",\"item\":\"https:\/\/www.plusenergy.cat\/\"},{\"@type\":\"ListItem\",\"position\":2,\"name\":\"Aviso Legal\"}]},{\"@type\":\"WebSite\",\"@id\":\"https:\/\/www.plusenergy.cat\/#website\",\"url\":\"https:\/\/www.plusenergy.cat\/\",\"name\":\"Plus Energy\",\"description\":\"Optimizaci\u00f3n energ\u00e9tica y rehabilitaci\u00f3n de edificios en Barcelona, Lleida y Vall\u00e8s\",\"potentialAction\":[{\"@type\":\"SearchAction\",\"target\":{\"@type\":\"EntryPoint\",\"urlTemplate\":\"https:\/\/www.plusenergy.cat\/?s={search_term_string}\"},\"query-input\":{\"@type\":\"PropertyValueSpecification\",\"valueRequired\":true,\"valueName\":\"search_term_string\"}}],\"inLanguage\":\"ca\"}]}<\/script>\n<!-- \/ Yoast SEO plugin. -->","yoast_head_json":{"title":"Aviso Legal - Plus Energy","robots":{"index":"index","follow":"follow","max-snippet":"max-snippet:-1","max-image-preview":"max-image-preview:large","max-video-preview":"max-video-preview:-1"},"canonical":"https:\/\/www.plusenergy.cat\/ca\/aviso-legal\/","og_locale":"ca_ES","og_type":"article","og_title":"Aviso Legal - Plus Energy","og_description":"Inicio Responsable del tratamiento de los datos En cumplimiento del deber de informaci\u00f3n que establece la Ley La 34\/2002, de 11 de julio, de Servicios de la Sociedad de la Informaci\u00f3n y del Comercio Electr\u00f3nico, le comunicamos que esta web es titularidad de: \u00a0 Objeto El Responsable pone a disposici\u00f3n de los usuarios este documento [&hellip;]","og_url":"https:\/\/www.plusenergy.cat\/ca\/aviso-legal\/","og_site_name":"Plus Energy","article_modified_time":"2025-07-04T19:17:20+00:00","twitter_card":"summary_large_image","twitter_misc":{"Temps estimat de lectura":"6 minuts"},"schema":{"@context":"https:\/\/schema.org","@graph":[{"@type":"WebPage","@id":"https:\/\/www.plusenergy.cat\/aviso-legal\/","url":"https:\/\/www.plusenergy.cat\/aviso-legal\/","name":"Aviso Legal - Plus Energy","isPartOf":{"@id":"https:\/\/www.plusenergy.cat\/#website"},"datePublished":"2025-03-28T19:03:06+00:00","dateModified":"2025-07-04T19:17:20+00:00","breadcrumb":{"@id":"https:\/\/www.plusenergy.cat\/aviso-legal\/#breadcrumb"},"inLanguage":"ca","potentialAction":[{"@type":"ReadAction","target":["https:\/\/www.plusenergy.cat\/aviso-legal\/"]}]},{"@type":"BreadcrumbList","@id":"https:\/\/www.plusenergy.cat\/aviso-legal\/#breadcrumb","itemListElement":[{"@type":"ListItem","position":1,"name":"Portada","item":"https:\/\/www.plusenergy.cat\/"},{"@type":"ListItem","position":2,"name":"Aviso Legal"}]},{"@type":"WebSite","@id":"https:\/\/www.plusenergy.cat\/#website","url":"https:\/\/www.plusenergy.cat\/","name":"Plus Energy","description":"Optimitzaci\u00f3 energ\u00e8tica i rehabilitaci\u00f3 dedificis a Barcelona, Lleida i Vall\u00e8s","potentialAction":[{"@type":"SearchAction","target":{"@type":"EntryPoint","urlTemplate":"https:\/\/www.plusenergy.cat\/?s={search_term_string}"},"query-input":{"@type":"PropertyValueSpecification","valueRequired":true,"valueName":"search_term_string"}}],"inLanguage":"ca"}]}},"_links":{"self":[{"href":"http:\/\/www.plusenergy.cat\/ca\/wp-json\/wp\/v2\/pages\/18","targetHints":{"allow":["GET"]}}],"collection":[{"href":"http:\/\/www.plusenergy.cat\/ca\/wp-json\/wp\/v2\/pages"}],"about":[{"href":"http:\/\/www.plusenergy.cat\/ca\/wp-json\/wp\/v2\/types\/page"}],"author":[{"embeddable":true,"href":"http:\/\/www.plusenergy.cat\/ca\/wp-json\/wp\/v2\/users\/1"}],"replies":[{"embeddable":true,"href":"http:\/\/www.plusenergy.cat\/ca\/wp-json\/wp\/v2\/comments?post=18"}],"version-history":[{"count":12,"href":"http:\/\/www.plusenergy.cat\/ca\/wp-json\/wp\/v2\/pages\/18\/revisions"}],"predecessor-version":[{"id":713,"href":"http:\/\/www.plusenergy.cat\/ca\/wp-json\/wp\/v2\/pages\/18\/revisions\/713"}],"wp:attachment":[{"href":"http:\/\/www.plusenergy.cat\/ca\/wp-json\/wp\/v2\/media?parent=18"}],"curies":[{"name":"wp","href":"https:\/\/api.w.org\/{rel}","templated":true}]}}