{"id":15,"date":"2025-03-28T15:58:30","date_gmt":"2025-03-28T18:58:30","guid":{"rendered":"https:\/\/innovacon.simplificandotuweb.com\/?page_id=15"},"modified":"2025-06-03T15:08:24","modified_gmt":"2025-06-03T13:08:24","slug":"mapa-web","status":"publish","type":"page","link":"http:\/\/www.plusenergy.cat\/en\/mapa-web\/","title":{"rendered":"Web Map"},"content":{"rendered":"<div data-elementor-type=\"wp-page\" data-elementor-id=\"15\" class=\"elementor elementor-15\" data-elementor-post-type=\"page\">\n\t\t\t\t<div class=\"elementor-element elementor-element-ce17de9 e-flex e-con-boxed e-con e-parent\" data-id=\"ce17de9\" data-element_type=\"container\" data-settings=\"{&quot;background_background&quot;:&quot;classic&quot;}\">\n\t\t\t\t\t<div class=\"e-con-inner\">\n\t\t<div class=\"elementor-element elementor-element-81ff369 e-con-full e-flex e-con e-child\" data-id=\"81ff369\" data-element_type=\"container\">\n\t\t\t\t<div class=\"elementor-element elementor-element-0a925e8 elementor-widget elementor-widget-heading\" data-id=\"0a925e8\" data-element_type=\"widget\" data-widget_type=\"heading.default\">\n\t\t\t\t<div class=\"elementor-widget-container\">\n\t\t\t\t\t<h1 class=\"elementor-heading-title elementor-size-default\">Web Map<\/h1>\t\t\t\t<\/div>\n\t\t\t\t<\/div>\n\t\t\t\t<div class=\"elementor-element elementor-element-6b3c1dc elementor-icon-list--layout-inline elementor-align-center elementor-list-item-link-full_width elementor-widget elementor-widget-icon-list\" data-id=\"6b3c1dc\" data-element_type=\"widget\" data-widget_type=\"icon-list.default\">\n\t\t\t\t<div class=\"elementor-widget-container\">\n\t\t\t\t\t\t\t<ul class=\"elementor-icon-list-items elementor-inline-items\">\n\t\t\t\t\t\t\t<li class=\"elementor-icon-list-item elementor-inline-item\">\n\t\t\t\t\t\t\t\t\t\t\t<a href=\"http:\/\/www.plusenergy.cat\/en\">\n\n\t\t\t\t\t\t\t\t\t\t\t<span class=\"elementor-icon-list-text\">Home<\/span>\n\t\t\t\t\t\t\t\t\t\t\t<\/a>\n\t\t\t\t\t\t\t\t\t<\/li>\n\t\t\t\t\t\t\t\t<li class=\"elementor-icon-list-item elementor-inline-item\">\n\t\t\t\t\t\t\t\t\t\t\t<a href=\"http:\/\/www.plusenergy.cat\/en\/mapa-web\/\">\n\n\t\t\t\t\t\t\t\t\t\t\t\t<span class=\"elementor-icon-list-icon\">\n\t\t\t\t\t\t\t<svg aria-hidden=\"true\" class=\"e-font-icon-svg e-fas-chevron-right\" viewbox=\"0 0 320 512\" xmlns=\"http:\/\/www.w3.org\/2000\/svg\"><path d=\"M285.476 272.971L91.132 467.314c-9.373 9.373-24.569 9.373-33.941 0l-22.667-22.667c-9.357-9.357-9.375-24.522-.04-33.901L188.505 256 34.484 101.255c-9.335-9.379-9.317-24.544.04-33.901l22.667-22.667c9.373-9.373 24.569-9.373 33.941 0L285.475 239.03c9.373 9.372 9.373 24.568.001 33.941z\"><\/path><\/svg>\t\t\t\t\t\t<\/span>\n\t\t\t\t\t\t\t\t\t\t<span class=\"elementor-icon-list-text\">Web Map<\/span>\n\t\t\t\t\t\t\t\t\t\t\t<\/a>\n\t\t\t\t\t\t\t\t\t<\/li>\n\t\t\t\t\t\t<\/ul>\n\t\t\t\t\t\t<\/div>\n\t\t\t\t<\/div>\n\t\t\t\t<\/div>\n\t\t\t\t\t<\/div>\n\t\t\t\t<\/div>\n\t\t<div class=\"elementor-element elementor-element-46677ec e-flex e-con-boxed e-con e-parent\" data-id=\"46677ec\" data-element_type=\"container\">\n\t\t\t\t\t<div class=\"e-con-inner\">\n\t\t\t\t<div class=\"elementor-element elementor-element-428cdcb elementor-widget elementor-widget-sitemap\" data-id=\"428cdcb\" data-element_type=\"widget\" data-widget_type=\"sitemap.default\">\n\t\t\t\t<div class=\"elementor-widget-container\">\n\t\t\t\t\t<div class=\"elementor-sitemap-wrap\"><div class=\"elementor-sitemap-section\"><h2 class=\"elementor-sitemap-title elementor-sitemap-page-title\">Pages<\/h2><ul class=\"elementor-sitemap-list elementor-sitemap-page-list\"><li class=\"elementor-sitemap-item elementor-sitemap-item-page page_item page-item-560\"><a href=\"http:\/\/www.plusenergy.cat\/en\/servicios\/certificacion-energetica\/\">ENERGY CERTIFICATION<\/a><\/li><li class=\"elementor-sitemap-item elementor-sitemap-item-page page_item page-item-164\"><a href=\"http:\/\/www.plusenergy.cat\/en\/contacto\/\">CONTACT<\/a><\/li><li class=\"elementor-sitemap-item elementor-sitemap-item-page page_item page-item-158 current_page_parent\"><a href=\"http:\/\/www.plusenergy.cat\/en\/blog\/\">BLOG<\/a><\/li><li class=\"elementor-sitemap-item elementor-sitemap-item-page page_item page-item-157\"><a href=\"http:\/\/www.plusenergy.cat\/en\/servicios\/rehabilitacion-energetica\/\">ENERGY REHABILITATION<\/a><\/li><li class=\"elementor-sitemap-item elementor-sitemap-item-page page_item page-item-156\"><a href=\"http:\/\/www.plusenergy.cat\/en\/servicios\/ahorro-energetico\/\">ENERGY SAVING<\/a><\/li><li class=\"elementor-sitemap-item elementor-sitemap-item-page page_item page-item-155\"><a href=\"http:\/\/www.plusenergy.cat\/en\/servicios\/comunidades-de-propietarios\/\">COMMUNITIES OF OWNERS<\/a><\/li><li class=\"elementor-sitemap-item elementor-sitemap-item-page page_item page-item-154\"><a href=\"http:\/\/www.plusenergy.cat\/en\/servicios\/centros-de-ensenanza\/\">TEACHING CENTERS<\/a><\/li><li class=\"elementor-sitemap-item elementor-sitemap-item-page page_item page-item-147\"><a href=\"http:\/\/www.plusenergy.cat\/en\/servicios\/hospitales\/\">HOSPITALS<\/a><\/li><li class=\"elementor-sitemap-item elementor-sitemap-item-page page_item page-item-146\"><a href=\"http:\/\/www.plusenergy.cat\/en\/servicios\/pymes\/\">SMEs<\/a><\/li><li class=\"elementor-sitemap-item elementor-sitemap-item-page page_item page-item-145\"><a href=\"http:\/\/www.plusenergy.cat\/en\/servicios\/hoteles\/\">HOTELS<\/a><\/li><li class=\"elementor-sitemap-item elementor-sitemap-item-page page_item page-item-144\"><a href=\"http:\/\/www.plusenergy.cat\/en\/servicios\/\">Services<\/a><\/li><li class=\"elementor-sitemap-item elementor-sitemap-item-page page_item page-item-143\"><a href=\"http:\/\/www.plusenergy.cat\/en\/sobre-nosotros\/\">ABOUT US<\/a><\/li><li class=\"elementor-sitemap-item elementor-sitemap-item-page page_item page-item-42\"><a href=\"http:\/\/www.plusenergy.cat\/en\/\">Home<\/a><\/li><li class=\"elementor-sitemap-item elementor-sitemap-item-page page_item page-item-31\"><a href=\"http:\/\/www.plusenergy.cat\/en\/politica-de-privacidad\/\">Privacy Policy<\/a><\/li><li class=\"elementor-sitemap-item elementor-sitemap-item-page page_item page-item-21\"><a href=\"http:\/\/www.plusenergy.cat\/en\/declaracion-de-accesibilidad\/\">Accessibility Statement<\/a><\/li><li class=\"elementor-sitemap-item elementor-sitemap-item-page page_item page-item-18\"><a href=\"http:\/\/www.plusenergy.cat\/en\/aviso-legal\/\">Legal Notice<\/a><\/li><li class=\"elementor-sitemap-item elementor-sitemap-item-page page_item page-item-16\"><a href=\"http:\/\/www.plusenergy.cat\/en\/politica-de-cookies\/\">Cookie Policy<\/a><\/li><li class=\"elementor-sitemap-item elementor-sitemap-item-page page_item page-item-15\"><a href=\"http:\/\/www.plusenergy.cat\/en\/mapa-web\/\">Web Map<\/a><\/li><\/ul><\/div><div class=\"elementor-sitemap-section\"><h2 class=\"elementor-sitemap-title elementor-sitemap-category-title\">Categories<\/h2><ul class=\"elementor-sitemap-list elementor-sitemap-category-list\">\t<li class=\"elementor-sitemap-item elementor-sitemap-item-category cat-item cat-item-1\"><a href=\"http:\/\/www.plusenergy.cat\/en\/category\/blog\/\">Blog<\/a>\n<\/li>\n<\/ul><\/div><\/div>\t\t\t\t<\/div>\n\t\t\t\t<\/div>\n\t\t\t\t\t<\/div>\n\t\t\t\t<\/div>\n\t\t\t\t<\/div>","protected":false},"excerpt":{"rendered":"<p>Home<\/p>","protected":false},"author":1,"featured_media":0,"parent":0,"menu_order":0,"comment_status":"closed","ping_status":"closed","template":"","meta":{"footnotes":""},"class_list":["post-15","page","type-page","status-publish","hentry"],"yoast_head":"<!-- This site is optimized with the Yoast SEO plugin v26.4 - https:\/\/yoast.com\/wordpress\/plugins\/seo\/ -->\n<title>Mapa Web - Plus Energy<\/title>\n<meta name=\"robots\" content=\"index, follow, max-snippet:-1, max-image-preview:large, max-video-preview:-1\" \/>\n<link rel=\"canonical\" href=\"https:\/\/www.plusenergy.cat\/en\/mapa-web\/\" \/>\n<meta property=\"og:locale\" content=\"en_GB\" \/>\n<meta property=\"og:type\" content=\"article\" \/>\n<meta property=\"og:title\" content=\"Mapa Web - Plus Energy\" \/>\n<meta property=\"og:description\" content=\"Inicio\" \/>\n<meta property=\"og:url\" content=\"https:\/\/www.plusenergy.cat\/en\/mapa-web\/\" \/>\n<meta property=\"og:site_name\" content=\"Plus Energy\" \/>\n<meta property=\"article:modified_time\" content=\"2025-06-03T13:08:24+00:00\" \/>\n<meta name=\"twitter:card\" content=\"summary_large_image\" \/>\n<script type=\"application\/ld+json\" class=\"yoast-schema-graph\">{\"@context\":\"https:\/\/schema.org\",\"@graph\":[{\"@type\":\"WebPage\",\"@id\":\"https:\/\/www.plusenergy.cat\/mapa-web\/\",\"url\":\"https:\/\/www.plusenergy.cat\/mapa-web\/\",\"name\":\"Mapa Web - Plus Energy\",\"isPartOf\":{\"@id\":\"https:\/\/www.plusenergy.cat\/#website\"},\"datePublished\":\"2025-03-28T18:58:30+00:00\",\"dateModified\":\"2025-06-03T13:08:24+00:00\",\"breadcrumb\":{\"@id\":\"https:\/\/www.plusenergy.cat\/mapa-web\/#breadcrumb\"},\"inLanguage\":\"en-GB\",\"potentialAction\":[{\"@type\":\"ReadAction\",\"target\":[\"https:\/\/www.plusenergy.cat\/mapa-web\/\"]}]},{\"@type\":\"BreadcrumbList\",\"@id\":\"https:\/\/www.plusenergy.cat\/mapa-web\/#breadcrumb\",\"itemListElement\":[{\"@type\":\"ListItem\",\"position\":1,\"name\":\"Portada\",\"item\":\"https:\/\/www.plusenergy.cat\/\"},{\"@type\":\"ListItem\",\"position\":2,\"name\":\"Mapa Web\"}]},{\"@type\":\"WebSite\",\"@id\":\"https:\/\/www.plusenergy.cat\/#website\",\"url\":\"https:\/\/www.plusenergy.cat\/\",\"name\":\"Plus Energy\",\"description\":\"Optimizaci\u00f3n energ\u00e9tica y rehabilitaci\u00f3n de edificios en Barcelona, Lleida y Vall\u00e8s\",\"potentialAction\":[{\"@type\":\"SearchAction\",\"target\":{\"@type\":\"EntryPoint\",\"urlTemplate\":\"https:\/\/www.plusenergy.cat\/?s={search_term_string}\"},\"query-input\":{\"@type\":\"PropertyValueSpecification\",\"valueRequired\":true,\"valueName\":\"search_term_string\"}}],\"inLanguage\":\"en-GB\"}]}<\/script>\n<!-- \/ Yoast SEO plugin. -->","yoast_head_json":{"title":"Mapa Web - Plus Energy","robots":{"index":"index","follow":"follow","max-snippet":"max-snippet:-1","max-image-preview":"max-image-preview:large","max-video-preview":"max-video-preview:-1"},"canonical":"https:\/\/www.plusenergy.cat\/en\/mapa-web\/","og_locale":"en_GB","og_type":"article","og_title":"Mapa Web - Plus Energy","og_description":"Inicio","og_url":"https:\/\/www.plusenergy.cat\/en\/mapa-web\/","og_site_name":"Plus Energy","article_modified_time":"2025-06-03T13:08:24+00:00","twitter_card":"summary_large_image","schema":{"@context":"https:\/\/schema.org","@graph":[{"@type":"WebPage","@id":"https:\/\/www.plusenergy.cat\/mapa-web\/","url":"https:\/\/www.plusenergy.cat\/mapa-web\/","name":"Mapa Web - Plus Energy","isPartOf":{"@id":"https:\/\/www.plusenergy.cat\/#website"},"datePublished":"2025-03-28T18:58:30+00:00","dateModified":"2025-06-03T13:08:24+00:00","breadcrumb":{"@id":"https:\/\/www.plusenergy.cat\/mapa-web\/#breadcrumb"},"inLanguage":"en-GB","potentialAction":[{"@type":"ReadAction","target":["https:\/\/www.plusenergy.cat\/mapa-web\/"]}]},{"@type":"BreadcrumbList","@id":"https:\/\/www.plusenergy.cat\/mapa-web\/#breadcrumb","itemListElement":[{"@type":"ListItem","position":1,"name":"Portada","item":"https:\/\/www.plusenergy.cat\/"},{"@type":"ListItem","position":2,"name":"Mapa Web"}]},{"@type":"WebSite","@id":"https:\/\/www.plusenergy.cat\/#website","url":"https:\/\/www.plusenergy.cat\/","name":"Plus Energy","description":"Energy optimization and building renovation in Barcelona, Lleida, and Vall\u00e8s","potentialAction":[{"@type":"SearchAction","target":{"@type":"EntryPoint","urlTemplate":"https:\/\/www.plusenergy.cat\/?s={search_term_string}"},"query-input":{"@type":"PropertyValueSpecification","valueRequired":true,"valueName":"search_term_string"}}],"inLanguage":"en-GB"}]}},"_links":{"self":[{"href":"http:\/\/www.plusenergy.cat\/en\/wp-json\/wp\/v2\/pages\/15","targetHints":{"allow":["GET"]}}],"collection":[{"href":"http:\/\/www.plusenergy.cat\/en\/wp-json\/wp\/v2\/pages"}],"about":[{"href":"http:\/\/www.plusenergy.cat\/en\/wp-json\/wp\/v2\/types\/page"}],"author":[{"embeddable":true,"href":"http:\/\/www.plusenergy.cat\/en\/wp-json\/wp\/v2\/users\/1"}],"replies":[{"embeddable":true,"href":"http:\/\/www.plusenergy.cat\/en\/wp-json\/wp\/v2\/comments?post=15"}],"version-history":[{"count":3,"href":"http:\/\/www.plusenergy.cat\/en\/wp-json\/wp\/v2\/pages\/15\/revisions"}],"predecessor-version":[{"id":478,"href":"http:\/\/www.plusenergy.cat\/en\/wp-json\/wp\/v2\/pages\/15\/revisions\/478"}],"wp:attachment":[{"href":"http:\/\/www.plusenergy.cat\/en\/wp-json\/wp\/v2\/media?parent=15"}],"curies":[{"name":"wp","href":"https:\/\/api.w.org\/{rel}","templated":true}]}}