{"id":18,"date":"2025-03-28T16:03:06","date_gmt":"2025-03-28T19:03:06","guid":{"rendered":"https:\/\/innovacon.simplificandotuweb.com\/?page_id=18"},"modified":"2025-07-04T21:17:20","modified_gmt":"2025-07-04T19:17:20","slug":"aviso-legal","status":"publish","type":"page","link":"http:\/\/www.plusenergy.cat\/en\/aviso-legal\/","title":{"rendered":"Legal Notice"},"content":{"rendered":"<div data-elementor-type=\"wp-page\" data-elementor-id=\"18\" class=\"elementor elementor-18\" data-elementor-post-type=\"page\">\n\t\t\t\t<div class=\"elementor-element elementor-element-960a5aa e-flex e-con-boxed e-con e-parent\" data-id=\"960a5aa\" data-element_type=\"container\" data-settings=\"{&quot;background_background&quot;:&quot;classic&quot;}\">\n\t\t\t\t\t<div class=\"e-con-inner\">\n\t\t<div class=\"elementor-element elementor-element-719dd66 e-con-full e-flex e-con e-child\" data-id=\"719dd66\" data-element_type=\"container\">\n\t\t\t\t<div class=\"elementor-element elementor-element-7e59253 elementor-widget elementor-widget-heading\" data-id=\"7e59253\" data-element_type=\"widget\" data-widget_type=\"heading.default\">\n\t\t\t\t<div class=\"elementor-widget-container\">\n\t\t\t\t\t<h1 class=\"elementor-heading-title elementor-size-default\">Legal Notice<\/h1>\t\t\t\t<\/div>\n\t\t\t\t<\/div>\n\t\t\t\t<div class=\"elementor-element elementor-element-92fca93 elementor-icon-list--layout-inline elementor-align-center elementor-list-item-link-full_width elementor-widget elementor-widget-icon-list\" data-id=\"92fca93\" data-element_type=\"widget\" data-widget_type=\"icon-list.default\">\n\t\t\t\t<div class=\"elementor-widget-container\">\n\t\t\t\t\t\t\t<ul class=\"elementor-icon-list-items elementor-inline-items\">\n\t\t\t\t\t\t\t<li class=\"elementor-icon-list-item elementor-inline-item\">\n\t\t\t\t\t\t\t\t\t\t\t<a href=\"http:\/\/www.plusenergy.cat\/en\">\n\n\t\t\t\t\t\t\t\t\t\t\t<span class=\"elementor-icon-list-text\">Home<\/span>\n\t\t\t\t\t\t\t\t\t\t\t<\/a>\n\t\t\t\t\t\t\t\t\t<\/li>\n\t\t\t\t\t\t\t\t<li class=\"elementor-icon-list-item elementor-inline-item\">\n\t\t\t\t\t\t\t\t\t\t\t<a href=\"http:\/\/www.plusenergy.cat\/en\/aviso-legal\/\">\n\n\t\t\t\t\t\t\t\t\t\t\t\t<span class=\"elementor-icon-list-icon\">\n\t\t\t\t\t\t\t<svg aria-hidden=\"true\" class=\"e-font-icon-svg e-fas-chevron-right\" viewbox=\"0 0 320 512\" xmlns=\"http:\/\/www.w3.org\/2000\/svg\"><path d=\"M285.476 272.971L91.132 467.314c-9.373 9.373-24.569 9.373-33.941 0l-22.667-22.667c-9.357-9.357-9.375-24.522-.04-33.901L188.505 256 34.484 101.255c-9.335-9.379-9.317-24.544.04-33.901l22.667-22.667c9.373-9.373 24.569-9.373 33.941 0L285.475 239.03c9.373 9.372 9.373 24.568.001 33.941z\"><\/path><\/svg>\t\t\t\t\t\t<\/span>\n\t\t\t\t\t\t\t\t\t\t<span class=\"elementor-icon-list-text\">Legal Notice<\/span>\n\t\t\t\t\t\t\t\t\t\t\t<\/a>\n\t\t\t\t\t\t\t\t\t<\/li>\n\t\t\t\t\t\t<\/ul>\n\t\t\t\t\t\t<\/div>\n\t\t\t\t<\/div>\n\t\t\t\t<\/div>\n\t\t\t\t\t<\/div>\n\t\t\t\t<\/div>\n\t\t<div class=\"elementor-element elementor-element-75af619b e-flex e-con-boxed e-con e-parent\" data-id=\"75af619b\" data-element_type=\"container\">\n\t\t\t\t\t<div class=\"e-con-inner\">\n\t\t\t\t<div class=\"elementor-element elementor-element-2c33523f elementor-widget elementor-widget-text-editor\" data-id=\"2c33523f\" data-element_type=\"widget\" data-widget_type=\"text-editor.default\">\n\t\t\t\t<div class=\"elementor-widget-container\">\n\t\t\t\t\t\t\t\t\t\n<p><strong>Data controller<\/strong><\/p>\n\n<p>In compliance with the duty of information established by Law 34\/2002, of July 11, on Information Society Services and Electronic Commerce, we inform you that this website is owned by:<\/p>\n\n<ul class=\"wp-block-list\">\n<li><strong>Company: <\/strong>ANNA PORTELLA LLUCH<\/li>\n\n<li><strong>NIF: <\/strong>78074054W<\/li>\n\n<li><strong>Responsible: <\/strong>Anna<\/li>\n\n<li><strong>Home: <\/strong>Carrer del Pont, 29, 4rt<\/li>\n\n<li><strong>CP and Population<\/strong>: 25600 Balaguer, Lleida<\/li>\n\n<li><strong>Phone: <\/strong>607295061<\/li>\n<li><strong>E-mail:<\/strong> <a href=\"mailto:info@plusenergy.cat\" target=\"_blank\" rel=\"noopener\">info@plusenergy.cat<\/a><\/li>\n<\/ul>\n\n<p>\u00a0<\/p>\n<p><strong>Object<\/strong><\/p>\n\n<p>The Controller makes this document available to users with the aim of complying with the provisions of current regulations on data protection, and within the context of the new regulatory framework established by virtue of the provisions of Regulation (EU) 2016\/679 of the European Parliament and of the Council of 27 April 2016 on the protection of natural persons with regard to the processing of personal data and on the free movement of such data (hereinafter, the &quot;GDPR&quot;), and national regulations on the protection of personal data, as well as informing all users of the website about the conditions of use thereof. Any person accessing this website assumes the role of user, committing to the observance and strict compliance with the provisions set forth herein, as well as any other applicable legal provisions. The Controller reserves the right to modify any type of information that may appear on the website, without any obligation to notify or inform users of these obligations, with publication on the Controller&#039;s website being considered sufficient.<\/p>\n\n<p><strong>Responsibility<\/strong><\/p>\n\n<p>The Controller disclaims any liability arising from the information published on its website, provided that this information has been manipulated or entered by a third party other than the Controller.<\/p>\n\n<p><strong>IP addresses<\/strong><\/p>\n\n<p>The website servers will automatically detect the IP address and domain name used by the user. An IP address is a number automatically assigned to a computer when it connects to the Internet. All this information is recorded in a duly registered server activity log, which allows for subsequent processing of the data to obtain purely statistical measurements such as the number of page impressions, the number of visits made to the web servers, the order of visits, the access point, etc.<\/p>\n\n<p><strong>Links Policy<\/strong><\/p>\n\n<p>From this website, you may be redirected to content on third-party websites. Since the Controller cannot always control the content posted by third parties on their websites, it assumes no responsibility for such content. In any case, the Controller declares that it will immediately remove any content that may violate national or international legislation, morality, or public order, and will immediately remove the redirection to this website and notify the competent authorities of the content in question. The Controller is not responsible for the information and content stored, including but not limited to, forums, chats, blog generators, comments, social networks, or any other means that allow third parties to publish content independently on the Controller&#039;s website. However, and in compliance with the provisions of art. In accordance with articles 11 and 16 of the LSSICE (Spanish Law on Information Society Services), the Controller makes itself available to all users, authorities, and security forces, actively collaborating in the removal or, where appropriate, blocking of all content that may affect or violate national or international legislation, third-party rights, or morality and public order. If the user believes that there is any content on the website that could be classified as such, please notify the website administrator immediately. This website has been reviewed and tested to ensure proper operation. In principle, proper operation can be guaranteed 365 days a year, 24 hours a day. However, the Controller does not rule out the possibility of programming errors, or the possibility that they may become causes of force majeure, natural disasters, strikes, or similar circumstances that make access to the website impossible.<\/p>\n\n<p><strong>Data protection<\/strong><\/p>\n\n<p>The Controller is deeply committed to complying with the provisions of current regulations on data protection, and within the context of the new regulatory framework established by virtue of the provisions of Regulation (EU) 2016\/679 of the European Parliament and of the Council of 27 April 2016 on the protection of natural persons with regard to the processing of personal data and on the free movement of such data (hereinafter, the GDPR), and national regulations on the protection of personal data. Likewise, the Controller informs that it complies with Law 34\/2002 of 11 July, on Information Society Services and Electronic Commerce, and will request your consent to the processing of your data for commercial purposes at all times.<\/p>\n\n<p><strong>Intellectual and industrial property<\/strong><\/p>\n\n<p>The website, including but not limited to its programming, editing, compilation, and other elements necessary for its operation, designs, logos, text, and\/or graphics, are the property of the Data Controller or, where applicable, have a license or express authorization from the authors. All content on the website is duly protected by intellectual and industrial property regulations. Regardless of the intended purpose, full or partial reproduction, use, exploitation, distribution, and marketing always requires prior written authorization from the Data Controller. Any use not previously authorized by the Data Controller will be considered a serious breach of the author&#039;s intellectual or industrial property rights. Designs, logos, text, and\/or graphics not belonging to the lender and that may appear on the website belong to their respective owners, who are responsible for any potential disputes that may arise in relation to them. In any case, the Data Controller has their express prior authorization. The Controller expressly authorizes third parties to directly redirect to specific content on the website, and in all cases, they must redirect to the Controller&#039;s home page. The Controller recognizes the corresponding intellectual and industrial property rights of their owners, and their mere mention or appearance on the website does not imply the existence of rights or responsibility of the Controller over these rights, nor does it imply support, sponsorship, or recommendation by them. For all images where the design software allows it, the corresponding references to the authorship and the corresponding license have been included. To make any observations regarding possible breaches of intellectual or industrial property rights, as well as any of the website&#039;s content, you can do so via the following email address: <a href=\"mailto:info@plusenergy.cat\" target=\"_blank\" rel=\"noopener\"><strong>info@plusenergy.cat<\/strong><\/a><\/p>\n\n<p>\u00a0<\/p>\n\t\t\t\t\t\t\t\t<\/div>\n\t\t\t\t<\/div>\n\t\t\t\t\t<\/div>\n\t\t\t\t<\/div>\n\t\t\t\t<\/div>","protected":false},"excerpt":{"rendered":"<p>Inicio Responsable del tratamiento de los datos En cumplimiento del deber de informaci\u00f3n que establece la Ley La 34\/2002, de 11 de julio, de Servicios de la Sociedad de la Informaci\u00f3n y del Comercio Electr\u00f3nico, le comunicamos que esta web es titularidad de: \u00a0 Objeto El Responsable pone a disposici\u00f3n de los usuarios este documento [&hellip;]<\/p>","protected":false},"author":1,"featured_media":0,"parent":0,"menu_order":0,"comment_status":"closed","ping_status":"closed","template":"","meta":{"footnotes":""},"class_list":["post-18","page","type-page","status-publish","hentry"],"yoast_head":"<!-- This site is optimized with the Yoast SEO plugin v26.4 - https:\/\/yoast.com\/wordpress\/plugins\/seo\/ -->\n<title>Aviso Legal - Plus Energy<\/title>\n<meta name=\"robots\" content=\"index, follow, max-snippet:-1, max-image-preview:large, max-video-preview:-1\" \/>\n<link rel=\"canonical\" href=\"https:\/\/www.plusenergy.cat\/en\/aviso-legal\/\" \/>\n<meta property=\"og:locale\" content=\"en_GB\" \/>\n<meta property=\"og:type\" content=\"article\" \/>\n<meta property=\"og:title\" content=\"Aviso Legal - Plus Energy\" \/>\n<meta property=\"og:description\" content=\"Inicio Responsable del tratamiento de los datos En cumplimiento del deber de informaci\u00f3n que establece la Ley La 34\/2002, de 11 de julio, de Servicios de la Sociedad de la Informaci\u00f3n y del Comercio Electr\u00f3nico, le comunicamos que esta web es titularidad de: \u00a0 Objeto El Responsable pone a disposici\u00f3n de los usuarios este documento [&hellip;]\" \/>\n<meta property=\"og:url\" content=\"https:\/\/www.plusenergy.cat\/en\/aviso-legal\/\" \/>\n<meta property=\"og:site_name\" content=\"Plus Energy\" \/>\n<meta property=\"article:modified_time\" content=\"2025-07-04T19:17:20+00:00\" \/>\n<meta name=\"twitter:card\" content=\"summary_large_image\" \/>\n<meta name=\"twitter:label1\" content=\"Estimated reading time\" \/>\n\t<meta name=\"twitter:data1\" content=\"6 minutes\" \/>\n<script type=\"application\/ld+json\" class=\"yoast-schema-graph\">{\"@context\":\"https:\/\/schema.org\",\"@graph\":[{\"@type\":\"WebPage\",\"@id\":\"https:\/\/www.plusenergy.cat\/aviso-legal\/\",\"url\":\"https:\/\/www.plusenergy.cat\/aviso-legal\/\",\"name\":\"Aviso Legal - Plus Energy\",\"isPartOf\":{\"@id\":\"https:\/\/www.plusenergy.cat\/#website\"},\"datePublished\":\"2025-03-28T19:03:06+00:00\",\"dateModified\":\"2025-07-04T19:17:20+00:00\",\"breadcrumb\":{\"@id\":\"https:\/\/www.plusenergy.cat\/aviso-legal\/#breadcrumb\"},\"inLanguage\":\"en-GB\",\"potentialAction\":[{\"@type\":\"ReadAction\",\"target\":[\"https:\/\/www.plusenergy.cat\/aviso-legal\/\"]}]},{\"@type\":\"BreadcrumbList\",\"@id\":\"https:\/\/www.plusenergy.cat\/aviso-legal\/#breadcrumb\",\"itemListElement\":[{\"@type\":\"ListItem\",\"position\":1,\"name\":\"Portada\",\"item\":\"https:\/\/www.plusenergy.cat\/\"},{\"@type\":\"ListItem\",\"position\":2,\"name\":\"Aviso Legal\"}]},{\"@type\":\"WebSite\",\"@id\":\"https:\/\/www.plusenergy.cat\/#website\",\"url\":\"https:\/\/www.plusenergy.cat\/\",\"name\":\"Plus Energy\",\"description\":\"Optimizaci\u00f3n energ\u00e9tica y rehabilitaci\u00f3n de edificios en Barcelona, Lleida y Vall\u00e8s\",\"potentialAction\":[{\"@type\":\"SearchAction\",\"target\":{\"@type\":\"EntryPoint\",\"urlTemplate\":\"https:\/\/www.plusenergy.cat\/?s={search_term_string}\"},\"query-input\":{\"@type\":\"PropertyValueSpecification\",\"valueRequired\":true,\"valueName\":\"search_term_string\"}}],\"inLanguage\":\"en-GB\"}]}<\/script>\n<!-- \/ Yoast SEO plugin. -->","yoast_head_json":{"title":"Aviso Legal - Plus Energy","robots":{"index":"index","follow":"follow","max-snippet":"max-snippet:-1","max-image-preview":"max-image-preview:large","max-video-preview":"max-video-preview:-1"},"canonical":"https:\/\/www.plusenergy.cat\/en\/aviso-legal\/","og_locale":"en_GB","og_type":"article","og_title":"Aviso Legal - Plus Energy","og_description":"Inicio Responsable del tratamiento de los datos En cumplimiento del deber de informaci\u00f3n que establece la Ley La 34\/2002, de 11 de julio, de Servicios de la Sociedad de la Informaci\u00f3n y del Comercio Electr\u00f3nico, le comunicamos que esta web es titularidad de: \u00a0 Objeto El Responsable pone a disposici\u00f3n de los usuarios este documento [&hellip;]","og_url":"https:\/\/www.plusenergy.cat\/en\/aviso-legal\/","og_site_name":"Plus Energy","article_modified_time":"2025-07-04T19:17:20+00:00","twitter_card":"summary_large_image","twitter_misc":{"Estimated reading time":"6 minutes"},"schema":{"@context":"https:\/\/schema.org","@graph":[{"@type":"WebPage","@id":"https:\/\/www.plusenergy.cat\/aviso-legal\/","url":"https:\/\/www.plusenergy.cat\/aviso-legal\/","name":"Aviso Legal - Plus Energy","isPartOf":{"@id":"https:\/\/www.plusenergy.cat\/#website"},"datePublished":"2025-03-28T19:03:06+00:00","dateModified":"2025-07-04T19:17:20+00:00","breadcrumb":{"@id":"https:\/\/www.plusenergy.cat\/aviso-legal\/#breadcrumb"},"inLanguage":"en-GB","potentialAction":[{"@type":"ReadAction","target":["https:\/\/www.plusenergy.cat\/aviso-legal\/"]}]},{"@type":"BreadcrumbList","@id":"https:\/\/www.plusenergy.cat\/aviso-legal\/#breadcrumb","itemListElement":[{"@type":"ListItem","position":1,"name":"Portada","item":"https:\/\/www.plusenergy.cat\/"},{"@type":"ListItem","position":2,"name":"Aviso Legal"}]},{"@type":"WebSite","@id":"https:\/\/www.plusenergy.cat\/#website","url":"https:\/\/www.plusenergy.cat\/","name":"Plus Energy","description":"Energy optimization and building renovation in Barcelona, Lleida, and Vall\u00e8s","potentialAction":[{"@type":"SearchAction","target":{"@type":"EntryPoint","urlTemplate":"https:\/\/www.plusenergy.cat\/?s={search_term_string}"},"query-input":{"@type":"PropertyValueSpecification","valueRequired":true,"valueName":"search_term_string"}}],"inLanguage":"en-GB"}]}},"_links":{"self":[{"href":"http:\/\/www.plusenergy.cat\/en\/wp-json\/wp\/v2\/pages\/18","targetHints":{"allow":["GET"]}}],"collection":[{"href":"http:\/\/www.plusenergy.cat\/en\/wp-json\/wp\/v2\/pages"}],"about":[{"href":"http:\/\/www.plusenergy.cat\/en\/wp-json\/wp\/v2\/types\/page"}],"author":[{"embeddable":true,"href":"http:\/\/www.plusenergy.cat\/en\/wp-json\/wp\/v2\/users\/1"}],"replies":[{"embeddable":true,"href":"http:\/\/www.plusenergy.cat\/en\/wp-json\/wp\/v2\/comments?post=18"}],"version-history":[{"count":12,"href":"http:\/\/www.plusenergy.cat\/en\/wp-json\/wp\/v2\/pages\/18\/revisions"}],"predecessor-version":[{"id":713,"href":"http:\/\/www.plusenergy.cat\/en\/wp-json\/wp\/v2\/pages\/18\/revisions\/713"}],"wp:attachment":[{"href":"http:\/\/www.plusenergy.cat\/en\/wp-json\/wp\/v2\/media?parent=18"}],"curies":[{"name":"wp","href":"https:\/\/api.w.org\/{rel}","templated":true}]}}