{"id":31,"date":"2025-03-28T16:10:30","date_gmt":"2025-03-28T19:10:30","guid":{"rendered":"https:\/\/innovacon.simplificandotuweb.com\/?page_id=31"},"modified":"2025-07-04T20:41:00","modified_gmt":"2025-07-04T18:41:00","slug":"politica-de-privacidad","status":"publish","type":"page","link":"http:\/\/www.plusenergy.cat\/en\/politica-de-privacidad\/","title":{"rendered":"Privacy Policy"},"content":{"rendered":"<div data-elementor-type=\"wp-page\" data-elementor-id=\"31\" class=\"elementor elementor-31\" data-elementor-post-type=\"page\">\n\t\t\t\t<div class=\"elementor-element elementor-element-7f6b850 e-flex e-con-boxed e-con e-parent\" data-id=\"7f6b850\" data-element_type=\"container\" data-settings=\"{&quot;background_background&quot;:&quot;classic&quot;}\">\n\t\t\t\t\t<div class=\"e-con-inner\">\n\t\t<div class=\"elementor-element elementor-element-522ff54 e-con-full e-flex e-con e-child\" data-id=\"522ff54\" data-element_type=\"container\">\n\t\t\t\t<div class=\"elementor-element elementor-element-39ef6e2 elementor-widget elementor-widget-heading\" data-id=\"39ef6e2\" data-element_type=\"widget\" data-widget_type=\"heading.default\">\n\t\t\t\t<div class=\"elementor-widget-container\">\n\t\t\t\t\t<h1 class=\"elementor-heading-title elementor-size-default\">Privacy Policy<\/h1>\t\t\t\t<\/div>\n\t\t\t\t<\/div>\n\t\t\t\t<div class=\"elementor-element elementor-element-2dd8908 elementor-icon-list--layout-inline elementor-align-center elementor-list-item-link-full_width elementor-widget elementor-widget-icon-list\" data-id=\"2dd8908\" data-element_type=\"widget\" data-widget_type=\"icon-list.default\">\n\t\t\t\t<div class=\"elementor-widget-container\">\n\t\t\t\t\t\t\t<ul class=\"elementor-icon-list-items elementor-inline-items\">\n\t\t\t\t\t\t\t<li class=\"elementor-icon-list-item elementor-inline-item\">\n\t\t\t\t\t\t\t\t\t\t\t<a href=\"http:\/\/www.plusenergy.cat\/en\">\n\n\t\t\t\t\t\t\t\t\t\t\t<span class=\"elementor-icon-list-text\">Home<\/span>\n\t\t\t\t\t\t\t\t\t\t\t<\/a>\n\t\t\t\t\t\t\t\t\t<\/li>\n\t\t\t\t\t\t\t\t<li class=\"elementor-icon-list-item elementor-inline-item\">\n\t\t\t\t\t\t\t\t\t\t\t<a href=\"http:\/\/www.plusenergy.cat\/en\/politica-de-privacidad\/\">\n\n\t\t\t\t\t\t\t\t\t\t\t\t<span class=\"elementor-icon-list-icon\">\n\t\t\t\t\t\t\t<svg aria-hidden=\"true\" class=\"e-font-icon-svg e-fas-chevron-right\" viewbox=\"0 0 320 512\" xmlns=\"http:\/\/www.w3.org\/2000\/svg\"><path d=\"M285.476 272.971L91.132 467.314c-9.373 9.373-24.569 9.373-33.941 0l-22.667-22.667c-9.357-9.357-9.375-24.522-.04-33.901L188.505 256 34.484 101.255c-9.335-9.379-9.317-24.544.04-33.901l22.667-22.667c9.373-9.373 24.569-9.373 33.941 0L285.475 239.03c9.373 9.372 9.373 24.568.001 33.941z\"><\/path><\/svg>\t\t\t\t\t\t<\/span>\n\t\t\t\t\t\t\t\t\t\t<span class=\"elementor-icon-list-text\">Privacy Policy<\/span>\n\t\t\t\t\t\t\t\t\t\t\t<\/a>\n\t\t\t\t\t\t\t\t\t<\/li>\n\t\t\t\t\t\t<\/ul>\n\t\t\t\t\t\t<\/div>\n\t\t\t\t<\/div>\n\t\t\t\t<\/div>\n\t\t\t\t\t<\/div>\n\t\t\t\t<\/div>\n\t\t<div class=\"elementor-element elementor-element-7ae023ae e-flex e-con-boxed e-con e-parent\" data-id=\"7ae023ae\" data-element_type=\"container\">\n\t\t\t\t\t<div class=\"e-con-inner\">\n\t\t\t\t<div class=\"elementor-element elementor-element-6aedb985 elementor-widget elementor-widget-text-editor\" data-id=\"6aedb985\" data-element_type=\"widget\" data-widget_type=\"text-editor.default\">\n\t\t\t\t<div class=\"elementor-widget-container\">\n\t\t\t\t\t\t\t\t\t\n<p><strong>1.- INFORMATION TO THE USER<\/strong><\/p>\n\n<p>The website informs website users about its policy regarding the processing and protection of personal data of users and customers that may be requested when browsing its website.<\/p>\n\n<p>The website is responsible for the processing of the user&#039;s personal data, and therefore the following information regarding the processing of your data is provided:<\/p>\n\n<p><strong>Data retention criteria:<\/strong>\u00a0The personal data provided will be retained until the interested party requests its suspension, exercising their rights over the data, and in any case in compliance with any applicable legal limitation periods.<\/p>\n\n<p><strong>Rights of interested parties:<\/strong><\/p>\n\n<p>Right to withdraw your consent at any time.<br \/>The right to access, rectify, erase, and transfer your data, as well as to limit or oppose its processing, as well as to not be subject to automated individual decisions.<\/p>\n\n<p><strong>Contact information to exercise your rights:<\/strong><\/p>\n\n<p>You must properly identify yourself and clearly request the right to exercise.<\/p>\n\n<ul class=\"wp-block-list\">\n<li><strong>Company: <\/strong>ANNA PORTELLA LLUCH<\/li>\n\n<li><strong>NIF: <\/strong>78074054W<\/li>\n\n<li><strong>Responsible: <\/strong>Anna<\/li>\n\n<li><strong>Home: <\/strong>Carrer del Pont, 29, 4rt<\/li>\n\n<li><strong>CP and Population<\/strong>: 25600 Balaguer, Lleida<\/li>\n\n<li><strong>Phone: <\/strong>607295061<\/li>\n<li><strong>E-mail:<\/strong> <a href=\"mailto:info@plusenergy.cat\" target=\"_blank\" rel=\"noopener\">info@plusenergy.cat<\/a><\/li>\n<\/ul>\n\n<p>\u00a0<\/p>\n<p><strong>2.- INFORMATION PROVIDED BY THE USER<\/strong><\/p>\n\n<p>If you are under 18 years of age, you are not permitted to use forms on our website.<\/p>\n\n<p>By entering their data in the contact forms or submitting them in download forms, Users expressly, freely, and unequivocally accept that their data is necessary for the Controller to process their request. The inclusion of data in the remaining fields is voluntary.<\/p>\n\n<p>The User guarantees that the personal data provided is true and is responsible for communicating any changes.<\/p>\n\n<p>All data requested through the website is necessary to provide the User with an optimal service. If all data is not provided, there is no guarantee that the information and services provided by the Controller will be fully tailored to their needs.<\/p>\n\n<p><strong>3.- SECURITY MEASURES<\/strong><\/p>\n\n<p>That in accordance with the provisions of current regulations on personal data protection, the Controller is complying with all provisions of the GDPR and LOPD regulations for the processing of personal data under its responsibility, which are processed lawfully, fairly, and transparently in relation to the data subject and are adequate, relevant, and limited to what is necessary in relation to the purposes for which they are processed.<\/p>\n\n<p>The Controller guarantees that it has implemented appropriate technical and organizational policies to apply the security measures established by the GDPR and the LOPD to protect the rights and freedoms of Users and has provided them with the appropriate information so they can exercise them.<\/p>\n\n<p><strong>4.- SECURITY BREACHES<\/strong><\/p>\n\n<p>The Controller will report any security breach affecting the database used by this website, or any of our third-party services, to each and every person, data of whom may have been affected, and to the authorities within 72 hours of detecting the breach.<\/p>\n\n<p><strong>APPLICABLE LEGISLATION AND JURISDICTION<\/strong><\/p>\n\n<p>For the resolution of all disputes or issues related to this website or the activities carried out hereon, Spanish law shall apply, to which the parties expressly submit. The Courts and Tribunals of Barcelona shall have jurisdiction to resolve all conflicts arising from or related to the use of this website.<\/p>\n\t\t\t\t\t\t\t\t<\/div>\n\t\t\t\t<\/div>\n\t\t\t\t\t<\/div>\n\t\t\t\t<\/div>\n\t\t\t\t<\/div>","protected":false},"excerpt":{"rendered":"<p>Inicio 1.- INFORMACI\u00d3N AL USUARIO El sitio web informa a los usuarios del sitio web sobre su pol\u00edtica respecto al tratamiento y protecci\u00f3n de los datos de car\u00e1cter personal de los usuarios y clientes que puedan ser solicitados por la navegaci\u00f3n a trav\u00e9s de su sitio web. El sitio web es el Responsable del tratamiento [&hellip;]<\/p>","protected":false},"author":1,"featured_media":0,"parent":0,"menu_order":0,"comment_status":"closed","ping_status":"closed","template":"","meta":{"footnotes":""},"class_list":["post-31","page","type-page","status-publish","hentry"],"yoast_head":"<!-- This site is optimized with the Yoast SEO plugin v26.4 - https:\/\/yoast.com\/wordpress\/plugins\/seo\/ -->\n<title>Pol\u00edtica de Privacidad - Plus Energy<\/title>\n<meta name=\"robots\" content=\"index, follow, max-snippet:-1, max-image-preview:large, max-video-preview:-1\" \/>\n<link rel=\"canonical\" href=\"https:\/\/www.plusenergy.cat\/en\/politica-de-privacidad\/\" \/>\n<meta property=\"og:locale\" content=\"en_GB\" \/>\n<meta property=\"og:type\" content=\"article\" \/>\n<meta property=\"og:title\" content=\"Pol\u00edtica de Privacidad - Plus Energy\" \/>\n<meta property=\"og:description\" content=\"Inicio 1.- INFORMACI\u00d3N AL USUARIO El sitio web informa a los usuarios del sitio web sobre su pol\u00edtica respecto al tratamiento y protecci\u00f3n de los datos de car\u00e1cter personal de los usuarios y clientes que puedan ser solicitados por la navegaci\u00f3n a trav\u00e9s de su sitio web. El sitio web es el Responsable del tratamiento [&hellip;]\" \/>\n<meta property=\"og:url\" content=\"https:\/\/www.plusenergy.cat\/en\/politica-de-privacidad\/\" \/>\n<meta property=\"og:site_name\" content=\"Plus Energy\" \/>\n<meta property=\"article:modified_time\" content=\"2025-07-04T18:41:00+00:00\" \/>\n<meta name=\"twitter:card\" content=\"summary_large_image\" \/>\n<meta name=\"twitter:label1\" content=\"Estimated reading time\" \/>\n\t<meta name=\"twitter:data1\" content=\"3 minutes\" \/>\n<script type=\"application\/ld+json\" class=\"yoast-schema-graph\">{\"@context\":\"https:\/\/schema.org\",\"@graph\":[{\"@type\":\"WebPage\",\"@id\":\"https:\/\/www.plusenergy.cat\/politica-de-privacidad\/\",\"url\":\"https:\/\/www.plusenergy.cat\/politica-de-privacidad\/\",\"name\":\"Pol\u00edtica de Privacidad - Plus Energy\",\"isPartOf\":{\"@id\":\"https:\/\/www.plusenergy.cat\/#website\"},\"datePublished\":\"2025-03-28T19:10:30+00:00\",\"dateModified\":\"2025-07-04T18:41:00+00:00\",\"breadcrumb\":{\"@id\":\"https:\/\/www.plusenergy.cat\/politica-de-privacidad\/#breadcrumb\"},\"inLanguage\":\"en-GB\",\"potentialAction\":[{\"@type\":\"ReadAction\",\"target\":[\"https:\/\/www.plusenergy.cat\/politica-de-privacidad\/\"]}]},{\"@type\":\"BreadcrumbList\",\"@id\":\"https:\/\/www.plusenergy.cat\/politica-de-privacidad\/#breadcrumb\",\"itemListElement\":[{\"@type\":\"ListItem\",\"position\":1,\"name\":\"Portada\",\"item\":\"https:\/\/www.plusenergy.cat\/\"},{\"@type\":\"ListItem\",\"position\":2,\"name\":\"Pol\u00edtica de Privacidad\"}]},{\"@type\":\"WebSite\",\"@id\":\"https:\/\/www.plusenergy.cat\/#website\",\"url\":\"https:\/\/www.plusenergy.cat\/\",\"name\":\"Plus Energy\",\"description\":\"Optimizaci\u00f3n energ\u00e9tica y rehabilitaci\u00f3n de edificios en Barcelona, Lleida y Vall\u00e8s\",\"potentialAction\":[{\"@type\":\"SearchAction\",\"target\":{\"@type\":\"EntryPoint\",\"urlTemplate\":\"https:\/\/www.plusenergy.cat\/?s={search_term_string}\"},\"query-input\":{\"@type\":\"PropertyValueSpecification\",\"valueRequired\":true,\"valueName\":\"search_term_string\"}}],\"inLanguage\":\"en-GB\"}]}<\/script>\n<!-- \/ Yoast SEO plugin. -->","yoast_head_json":{"title":"Pol\u00edtica de Privacidad - Plus Energy","robots":{"index":"index","follow":"follow","max-snippet":"max-snippet:-1","max-image-preview":"max-image-preview:large","max-video-preview":"max-video-preview:-1"},"canonical":"https:\/\/www.plusenergy.cat\/en\/politica-de-privacidad\/","og_locale":"en_GB","og_type":"article","og_title":"Pol\u00edtica de Privacidad - Plus Energy","og_description":"Inicio 1.- INFORMACI\u00d3N AL USUARIO El sitio web informa a los usuarios del sitio web sobre su pol\u00edtica respecto al tratamiento y protecci\u00f3n de los datos de car\u00e1cter personal de los usuarios y clientes que puedan ser solicitados por la navegaci\u00f3n a trav\u00e9s de su sitio web. El sitio web es el Responsable del tratamiento [&hellip;]","og_url":"https:\/\/www.plusenergy.cat\/en\/politica-de-privacidad\/","og_site_name":"Plus Energy","article_modified_time":"2025-07-04T18:41:00+00:00","twitter_card":"summary_large_image","twitter_misc":{"Estimated reading time":"3 minutes"},"schema":{"@context":"https:\/\/schema.org","@graph":[{"@type":"WebPage","@id":"https:\/\/www.plusenergy.cat\/politica-de-privacidad\/","url":"https:\/\/www.plusenergy.cat\/politica-de-privacidad\/","name":"Pol\u00edtica de Privacidad - Plus Energy","isPartOf":{"@id":"https:\/\/www.plusenergy.cat\/#website"},"datePublished":"2025-03-28T19:10:30+00:00","dateModified":"2025-07-04T18:41:00+00:00","breadcrumb":{"@id":"https:\/\/www.plusenergy.cat\/politica-de-privacidad\/#breadcrumb"},"inLanguage":"en-GB","potentialAction":[{"@type":"ReadAction","target":["https:\/\/www.plusenergy.cat\/politica-de-privacidad\/"]}]},{"@type":"BreadcrumbList","@id":"https:\/\/www.plusenergy.cat\/politica-de-privacidad\/#breadcrumb","itemListElement":[{"@type":"ListItem","position":1,"name":"Portada","item":"https:\/\/www.plusenergy.cat\/"},{"@type":"ListItem","position":2,"name":"Pol\u00edtica de Privacidad"}]},{"@type":"WebSite","@id":"https:\/\/www.plusenergy.cat\/#website","url":"https:\/\/www.plusenergy.cat\/","name":"Plus Energy","description":"Energy optimization and building renovation in Barcelona, Lleida, and Vall\u00e8s","potentialAction":[{"@type":"SearchAction","target":{"@type":"EntryPoint","urlTemplate":"https:\/\/www.plusenergy.cat\/?s={search_term_string}"},"query-input":{"@type":"PropertyValueSpecification","valueRequired":true,"valueName":"search_term_string"}}],"inLanguage":"en-GB"}]}},"_links":{"self":[{"href":"http:\/\/www.plusenergy.cat\/en\/wp-json\/wp\/v2\/pages\/31","targetHints":{"allow":["GET"]}}],"collection":[{"href":"http:\/\/www.plusenergy.cat\/en\/wp-json\/wp\/v2\/pages"}],"about":[{"href":"http:\/\/www.plusenergy.cat\/en\/wp-json\/wp\/v2\/types\/page"}],"author":[{"embeddable":true,"href":"http:\/\/www.plusenergy.cat\/en\/wp-json\/wp\/v2\/users\/1"}],"replies":[{"embeddable":true,"href":"http:\/\/www.plusenergy.cat\/en\/wp-json\/wp\/v2\/comments?post=31"}],"version-history":[{"count":9,"href":"http:\/\/www.plusenergy.cat\/en\/wp-json\/wp\/v2\/pages\/31\/revisions"}],"predecessor-version":[{"id":722,"href":"http:\/\/www.plusenergy.cat\/en\/wp-json\/wp\/v2\/pages\/31\/revisions\/722"}],"wp:attachment":[{"href":"http:\/\/www.plusenergy.cat\/en\/wp-json\/wp\/v2\/media?parent=31"}],"curies":[{"name":"wp","href":"https:\/\/api.w.org\/{rel}","templated":true}]}}