{"id":560,"date":"2025-06-23T09:37:50","date_gmt":"2025-06-23T07:37:50","guid":{"rendered":"http:\/\/www.plusenergy.cat\/?page_id=560"},"modified":"2025-11-26T19:29:16","modified_gmt":"2025-11-26T18:29:16","slug":"certificacion-energetica","status":"publish","type":"page","link":"https:\/\/www.plusenergy.cat\/en\/servicios\/certificacion-energetica\/","title":{"rendered":"ENERGY CERTIFICATION"},"content":{"rendered":"<div data-elementor-type=\"wp-page\" data-elementor-id=\"560\" class=\"elementor elementor-560\" data-elementor-post-type=\"page\">\n\t\t\t\t<div class=\"elementor-element elementor-element-d263b20 e-flex e-con-boxed e-con e-parent\" data-id=\"d263b20\" data-element_type=\"container\" data-settings=\"{&quot;background_background&quot;:&quot;classic&quot;}\">\n\t\t\t\t\t<div class=\"e-con-inner\">\n\t\t<div class=\"elementor-element elementor-element-23a7ac6 e-con-full e-flex e-con e-child\" data-id=\"23a7ac6\" data-element_type=\"container\">\n\t\t\t\t<div class=\"elementor-element elementor-element-b988249 elementor-widget elementor-widget-heading\" data-id=\"b988249\" data-element_type=\"widget\" data-widget_type=\"heading.default\">\n\t\t\t\t<div class=\"elementor-widget-container\">\n\t\t\t\t\t<h1 class=\"elementor-heading-title elementor-size-default\">ENERGY CERTIFICATION<\/h1>\t\t\t\t<\/div>\n\t\t\t\t<\/div>\n\t\t\t\t<div class=\"elementor-element elementor-element-7b504fc elementor-icon-list--layout-inline elementor-align-center elementor-list-item-link-full_width elementor-widget elementor-widget-icon-list\" data-id=\"7b504fc\" data-element_type=\"widget\" data-widget_type=\"icon-list.default\">\n\t\t\t\t<div class=\"elementor-widget-container\">\n\t\t\t\t\t\t\t<ul class=\"elementor-icon-list-items elementor-inline-items\">\n\t\t\t\t\t\t\t<li class=\"elementor-icon-list-item elementor-inline-item\">\n\t\t\t\t\t\t\t\t\t\t\t<a href=\"https:\/\/www.plusenergy.cat\/en\">\n\n\t\t\t\t\t\t\t\t\t\t\t<span class=\"elementor-icon-list-text\">Home<\/span>\n\t\t\t\t\t\t\t\t\t\t\t<\/a>\n\t\t\t\t\t\t\t\t\t<\/li>\n\t\t\t\t\t\t\t\t<li class=\"elementor-icon-list-item elementor-inline-item\">\n\t\t\t\t\t\t\t\t\t\t\t<a href=\"https:\/\/www.plusenergy.cat\/en\/servicios\/certificacion-energetica\/\">\n\n\t\t\t\t\t\t\t\t\t\t\t\t<span class=\"elementor-icon-list-icon\">\n\t\t\t\t\t\t\t<svg aria-hidden=\"true\" class=\"e-font-icon-svg e-fas-chevron-right\" viewbox=\"0 0 320 512\" xmlns=\"http:\/\/www.w3.org\/2000\/svg\"><path d=\"M285.476 272.971L91.132 467.314c-9.373 9.373-24.569 9.373-33.941 0l-22.667-22.667c-9.357-9.357-9.375-24.522-.04-33.901L188.505 256 34.484 101.255c-9.335-9.379-9.317-24.544.04-33.901l22.667-22.667c9.373-9.373 24.569-9.373 33.941 0L285.475 239.03c9.373 9.372 9.373 24.568.001 33.941z\"><\/path><\/svg>\t\t\t\t\t\t<\/span>\n\t\t\t\t\t\t\t\t\t\t<span class=\"elementor-icon-list-text\">ENERGY CERTIFICATION<\/span>\n\t\t\t\t\t\t\t\t\t\t\t<\/a>\n\t\t\t\t\t\t\t\t\t<\/li>\n\t\t\t\t\t\t<\/ul>\n\t\t\t\t\t\t<\/div>\n\t\t\t\t<\/div>\n\t\t\t\t<\/div>\n\t\t\t\t\t<\/div>\n\t\t\t\t<\/div>\n\t\t<div class=\"elementor-element elementor-element-ab4c4a7 e-flex e-con-boxed e-con e-parent\" data-id=\"ab4c4a7\" data-element_type=\"container\">\n\t\t\t\t\t<div class=\"e-con-inner\">\n\t\t<div class=\"elementor-element elementor-element-d85821b e-con-full e-flex e-con e-child\" data-id=\"d85821b\" data-element_type=\"container\" data-settings=\"{&quot;background_background&quot;:&quot;classic&quot;}\">\n\t\t\t\t<\/div>\n\t\t<div class=\"elementor-element elementor-element-bb68699 e-con-full e-flex e-con e-child\" data-id=\"bb68699\" data-element_type=\"container\">\n\t\t\t\t<div class=\"elementor-element elementor-element-4006024 elementor-widget elementor-widget-heading\" data-id=\"4006024\" data-element_type=\"widget\" data-widget_type=\"heading.default\">\n\t\t\t\t<div class=\"elementor-widget-container\">\n\t\t\t\t\t<h2 class=\"elementor-heading-title elementor-size-default\">Save energy, reduce emissions, and increase the value of your property.\n\n\n<\/h2>\t\t\t\t<\/div>\n\t\t\t\t<\/div>\n\t\t\t\t<div class=\"elementor-element elementor-element-ca6aca6 elementor-invisible elementor-widget elementor-widget-text-editor\" data-id=\"ca6aca6\" data-element_type=\"widget\" data-settings=\"{&quot;_animation&quot;:&quot;fadeIn&quot;}\" data-widget_type=\"text-editor.default\">\n\t\t\t\t<div class=\"elementor-widget-container\">\n\t\t\t\t\t\t\t\t\t<p data-start=\"274\" data-end=\"517\">Energy certification is the first step toward optimizing a building&#039;s energy efficiency. At Plus Energy, we help you understand the energy rating of your home, business, or building and offer specific solutions to improve it.<\/p>\t\t\t\t\t\t\t\t<\/div>\n\t\t\t\t<\/div>\n\t\t\t\t<\/div>\n\t\t\t\t\t<\/div>\n\t\t\t\t<\/div>\n\t\t<div class=\"elementor-element elementor-element-32efebe e-flex e-con-boxed e-con e-parent\" data-id=\"32efebe\" data-element_type=\"container\" data-settings=\"{&quot;background_background&quot;:&quot;classic&quot;}\">\n\t\t\t\t\t<div class=\"e-con-inner\">\n\t\t\t\t<div class=\"elementor-element elementor-element-6673270 elementor-widget elementor-widget-heading\" data-id=\"6673270\" data-element_type=\"widget\" data-widget_type=\"heading.default\">\n\t\t\t\t<div class=\"elementor-widget-container\">\n\t\t\t\t\t<h2 class=\"elementor-heading-title elementor-size-default\">What data will you obtain with the energy certificate?\n<\/h2>\t\t\t\t<\/div>\n\t\t\t\t<\/div>\n\t\t<div class=\"elementor-element elementor-element-3d1c5de e-grid e-con-full e-con e-child\" data-id=\"3d1c5de\" data-element_type=\"container\">\n\t\t\t\t<div class=\"elementor-element elementor-element-b6e5184 elementor-view-default elementor-position-top elementor-mobile-position-top elementor-widget elementor-widget-icon-box\" data-id=\"b6e5184\" data-element_type=\"widget\" data-widget_type=\"icon-box.default\">\n\t\t\t\t<div class=\"elementor-widget-container\">\n\t\t\t\t\t\t\t<div class=\"elementor-icon-box-wrapper\">\n\n\t\t\t\t\t\t<div class=\"elementor-icon-box-icon\">\n\t\t\t\t<span  class=\"elementor-icon\">\n\t\t\t\t<svg xmlns=\"http:\/\/www.w3.org\/2000\/svg\" id=\"Layer_1\" data-name=\"Layer 1\" viewbox=\"0 0 24 24\"><path d=\"m23.916,16.86l-.862-3.256c-.406-1.533-1.798-2.604-3.384-2.604H4.33c-1.586,0-2.978,1.071-3.383,2.604l-.862,3.256c-.2.756-.042,1.545.436,2.164.477.62,1.199.976,1.981.976h8.999v3h-5c-.276,0-.5.224-.5.5s.224.5.5.5h11c.276,0,.5-.224.5-.5s-.224-.5-.5-.5h-5v-3h8.999c.782,0,1.504-.355,1.981-.976.477-.619.636-1.408.436-2.164Zm-1.829-3l.302,1.14h-5.947l-.375-3h3.604c1.133,0,2.127.765,2.417,1.86Zm-14.021,5.14l.375-3h7.117l.375,3h-7.867Zm.5-4l.375-3h6.117l.375,3h-6.867Zm-6.653-1.14c.29-1.096,1.283-1.86,2.417-1.86h3.604l-.375,3H1.611l.302-1.14Zm-.601,4.555c-.286-.372-.381-.846-.261-1.299l.295-1.116h6.087l-.375,3H2.501c-.469,0-.902-.213-1.188-.585Zm21.375,0c-.286.372-.719.585-1.188.585h-4.558l-.375-3h6.087l.296,1.116c.12.453.024.927-.262,1.299ZM4,8.5c0-.276.224-.5.5-.5h2.5c0-1.198.441-2.284,1.146-3.146l-2-2c-.195-.195-.195-.512,0-.707s.512-.195.707,0l2,2c.739-.605,1.646-.995,2.647-1.096V.5c0-.276.224-.5.5-.5s.5.224.5.5v2.551c1.001.101,1.908.491,2.646,1.096l2-2c.195-.195.512-.195.707,0s.195.512,0,.707l-2,2c.705.862,1.146,1.948,1.146,3.146h2.5c.276,0,.5.224.5.5s-.224.5-.5.5h-2.5c-.649,0-1-.516-1-1,0-2.206-1.794-4-4-4s-4,1.794-4,4c0,.484-.351,1-1,1h-2.5c-.276,0-.5-.224-.5-.5Z\"><\/path><\/svg>\t\t\t\t<\/span>\n\t\t\t<\/div>\n\t\t\t\n\t\t\t\t\t\t<div class=\"elementor-icon-box-content\">\n\n\t\t\t\t\t\t\t\t\t<div class=\"elementor-icon-box-title\">\n\t\t\t\t\t\t<span  >\n\t\t\t\t\t\t\tEnergy consumption of the building\t\t\t\t\t\t<\/span>\n\t\t\t\t\t<\/div>\n\t\t\t\t\n\t\t\t\t\t\t\t\t\t<p class=\"elementor-icon-box-description\">\n\t\t\t\t\t\tThrough an exhaustive study, we detected the main energy sources and analyzed global consumption, placing a special emphasis on climate control, which accounts for a large part of the energy bill.\n\n\n\t\t\t\t\t<\/p>\n\t\t\t\t\n\t\t\t<\/div>\n\t\t\t\n\t\t<\/div>\n\t\t\t\t\t\t<\/div>\n\t\t\t\t<\/div>\n\t\t\t\t<div class=\"elementor-element elementor-element-5d14ada elementor-view-default elementor-position-top elementor-mobile-position-top elementor-widget elementor-widget-icon-box\" data-id=\"5d14ada\" data-element_type=\"widget\" data-widget_type=\"icon-box.default\">\n\t\t\t\t<div class=\"elementor-widget-container\">\n\t\t\t\t\t\t\t<div class=\"elementor-icon-box-wrapper\">\n\n\t\t\t\t\t\t<div class=\"elementor-icon-box-icon\">\n\t\t\t\t<span  class=\"elementor-icon\">\n\t\t\t\t<svg xmlns=\"http:\/\/www.w3.org\/2000\/svg\" id=\"Layer_1\" viewbox=\"0 0 24 24\" data-name=\"Layer 1\"><path d=\"m23 7.592v-1.092c0-.551-.448-1-1-1h-1c-.552 0-1 .449-1 1v1.092c-.581.207-1 .757-1 1.408v1.887c0 1.244.855 2.324 2 2.557v6.056c0 1.93-1.57 3.5-3.5 3.5h-3.206c1.032-.825 1.706-2.079 1.706-3.5v-15c0-2.481-2.019-4.5-4.5-4.5h-7c-2.481 0-4.5 2.019-4.5 4.5v15c0 2.481 2.019 4.5 4.5 4.5h13c2.481 0 4.5-2.019 4.5-4.5v-6.057c.408-.083.793-.262 1.116-.537.562-.477.884-1.172.884-1.907v-2c0-.651-.419-1.201-1-1.408zm-22 11.908v-15c0-1.93 1.57-3.5 3.5-3.5h7c1.93 0 3.5 1.57 3.5 3.5v15c0 1.93-1.57 3.5-3.5 3.5h-7c-1.93 0-3.5-1.57-3.5-3.5zm21-13v1h-1v-1zm1 4.5c0 .441-.193.858-.531 1.144-.341.29-.775.408-1.226.335-.709-.117-1.243-.802-1.243-1.592v-1.887c0-.276.225-.5.5-.5h2c.275 0 .5.224.5.5zm-13 9.5c0 .276-.224.5-.5.5h-3c-.276 0-.5-.224-.5-.5s.224-.5.5-.5h3c.276 0 .5.224.5.5zm.836-9.829c.229.428.21.938-.051 1.332l-2.361 3.763c-.149.236-.459.304-.689.158-.234-.146-.305-.455-.158-.689l2.368-3.773c.075-.114.054-.237.011-.317-.023-.043-.091-.144-.216-.144h-3.474c-.419 0-.796-.185-1.034-.506-.229-.308-.295-.701-.181-1.078.012-.041 2.522-4.176 2.522-4.176.144-.237.452-.31.687-.167.236.144.311.451.167.687l-2.429 3.993c-.007.055.005.103.036.145.048.065.133.102.231.102h3.474c.461 0 .871.251 1.097.671z\"><\/path><\/svg>\t\t\t\t<\/span>\n\t\t\t<\/div>\n\t\t\t\n\t\t\t\t\t\t<div class=\"elementor-icon-box-content\">\n\n\t\t\t\t\t\t\t\t\t<div class=\"elementor-icon-box-title\">\n\t\t\t\t\t\t<span  >\n\t\t\t\t\t\t\tCO\u2082 emissions\t\t\t\t\t\t<\/span>\n\t\t\t\t\t<\/div>\n\t\t\t\t\n\t\t\t\t\t\t\t\t\t<p class=\"elementor-icon-box-description\">\n\t\t\t\t\t\tThe certificate reflects overall CO\u2082 emissions [kg CO\u2082\/m\u00b2 year]. The goal is to contribute to international commitments (Kyoto Protocol, European Directive 20\/20\/20) by reducing emissions by 20%, increasing the use of renewable energy, and improving energy efficiency.\t\t\t\t\t<\/p>\n\t\t\t\t\n\t\t\t<\/div>\n\t\t\t\n\t\t<\/div>\n\t\t\t\t\t\t<\/div>\n\t\t\t\t<\/div>\n\t\t\t\t<div class=\"elementor-element elementor-element-002c07d elementor-view-default elementor-position-top elementor-mobile-position-top elementor-widget elementor-widget-icon-box\" data-id=\"002c07d\" data-element_type=\"widget\" data-widget_type=\"icon-box.default\">\n\t\t\t\t<div class=\"elementor-widget-container\">\n\t\t\t\t\t\t\t<div class=\"elementor-icon-box-wrapper\">\n\n\t\t\t\t\t\t<div class=\"elementor-icon-box-icon\">\n\t\t\t\t<span  class=\"elementor-icon\">\n\t\t\t\t<svg xmlns=\"http:\/\/www.w3.org\/2000\/svg\" id=\"Layer_1\" data-name=\"Layer 1\" viewbox=\"0 0 24 24\"><path d=\"M24,12h-1c0-6.065-4.935-11-11-11-3.712,0-7.169,1.91-9.193,5H7v1H2.5c-.827,0-1.5-.673-1.5-1.5V1h1V5.412C4.211,2.067,7.967,0,12,0c6.617,0,12,5.383,12,12Zm-2.5,5h-4.5v1h4.194c-2.024,3.089-5.482,5-9.194,5-6.065,0-11-4.935-11-11H0c0,6.617,5.383,12,12,12,4.033,0,7.789-2.067,10-5.412v4.412h1v-4.5c0-.827-.673-1.5-1.5-1.5ZM11.556,4.221l-3.508,6.842c-.104,.341-.04,.701,.172,.987,.213,.286,.539,.45,.896,.45h5.78c.041,0,.071,.019,.091,.054,.02,.037,.018,.072-.031,.152l-3.398,6.521,.887,.463,3.372-6.478c.225-.339,.245-.773,.052-1.131-.192-.359-.564-.582-.972-.582h-5.78c-.048,0-.076-.025-.092-.047-.016-.021-.03-.057-.053-.018l3.474-6.758-.889-.457Z\"><\/path><\/svg>\t\t\t\t<\/span>\n\t\t\t<\/div>\n\t\t\t\n\t\t\t\t\t\t<div class=\"elementor-icon-box-content\">\n\n\t\t\t\t\t\t\t\t\t<div class=\"elementor-icon-box-title\">\n\t\t\t\t\t\t<span  >\n\t\t\t\t\t\t\tEnergy improvement measures\t\t\t\t\t\t<\/span>\n\t\t\t\t\t<\/div>\n\t\t\t\t\n\t\t\t\t\t\t\t\t\t<p class=\"elementor-icon-box-description\">\n\t\t\t\t\t\tWe propose concrete actions to improve a building&#039;s energy rating. We focus primarily on the building envelope (facade, roof, and woodwork) and then on the installations. Successful implementation can improve the energy rating by up to two letters and enhance the property&#039;s value.\n\t\t\t\t\t<\/p>\n\t\t\t\t\n\t\t\t<\/div>\n\t\t\t\n\t\t<\/div>\n\t\t\t\t\t\t<\/div>\n\t\t\t\t<\/div>\n\t\t\t\t<\/div>\n\t\t\t\t\t<\/div>\n\t\t\t\t<\/div>\n\t\t<div class=\"elementor-element elementor-element-6c087fe e-flex e-con-boxed e-con e-parent\" data-id=\"6c087fe\" data-element_type=\"container\" data-settings=\"{&quot;background_background&quot;:&quot;classic&quot;}\">\n\t\t\t\t\t<div class=\"e-con-inner\">\n\t\t\t\t<div class=\"elementor-element elementor-element-daccc58 elementor-widget elementor-widget-heading\" data-id=\"daccc58\" data-element_type=\"widget\" data-widget_type=\"heading.default\">\n\t\t\t\t<div class=\"elementor-widget-container\">\n\t\t\t\t\t<h3 class=\"elementor-heading-title elementor-size-default\">What happens if you don&#039;t have the certification?\n<\/h3>\t\t\t\t<\/div>\n\t\t\t\t<\/div>\n\t\t\t\t<div class=\"elementor-element elementor-element-2180131 elementor-widget__width-initial elementor-widget-mobile__width-inherit elementor-invisible elementor-widget elementor-widget-text-editor\" data-id=\"2180131\" data-element_type=\"widget\" data-settings=\"{&quot;_animation&quot;:&quot;fadeIn&quot;}\" data-widget_type=\"text-editor.default\">\n\t\t\t\t<div class=\"elementor-widget-container\">\n\t\t\t\t\t\t\t\t\t<p>The lack of a certificate can have environmental and legal consequences. Royal Decree 235\/2013 and Law 8\/2013 provide for sanctions for developers or owners who fail to comply with the obligation to provide an energy label in the event of a sale or rental.<\/p><p>In addition, real estate agencies must display the energy label (from A to G) in all property advertising.<\/p>\t\t\t\t\t\t\t\t<\/div>\n\t\t\t\t<\/div>\n\t\t\t\t\t<\/div>\n\t\t\t\t<\/div>\n\t\t\t\t<\/div>","protected":false},"excerpt":{"rendered":"<p>Inicio Ahorra energ\u00eda, reduce emisiones y aumenta el valor de su inmueble. La certificaci\u00f3n energ\u00e9tica es el primer paso para optimizar la eficiencia energ\u00e9tica de un edificio. En Plus Energy te ayudamos a conocer la calificaci\u00f3n energ\u00e9tica de tu vivienda, local o edificio y te proponemos soluciones concretas para mejorarla. \u00bfQu\u00e9 datos obtendr\u00e1s con el [&hellip;]<\/p>","protected":false},"author":1,"featured_media":0,"parent":144,"menu_order":0,"comment_status":"closed","ping_status":"closed","template":"","meta":{"footnotes":""},"class_list":["post-560","page","type-page","status-publish","hentry"],"yoast_head":"<!-- This site is optimized with the Yoast SEO plugin v26.4 - https:\/\/yoast.com\/wordpress\/plugins\/seo\/ -->\n<title>CERTIFICACI\u00d3N ENERG\u00c9TICA - Plus Energy<\/title>\n<meta name=\"robots\" content=\"index, follow, max-snippet:-1, max-image-preview:large, max-video-preview:-1\" \/>\n<link rel=\"canonical\" href=\"https:\/\/www.plusenergy.cat\/en\/servicios\/certificacion-energetica\/\" \/>\n<meta property=\"og:locale\" content=\"en_GB\" \/>\n<meta property=\"og:type\" content=\"article\" \/>\n<meta property=\"og:title\" content=\"CERTIFICACI\u00d3N ENERG\u00c9TICA - Plus Energy\" \/>\n<meta property=\"og:description\" content=\"Inicio Ahorra energ\u00eda, reduce emisiones y aumenta el valor de su inmueble. La certificaci\u00f3n energ\u00e9tica es el primer paso para optimizar la eficiencia energ\u00e9tica de un edificio. En Plus Energy te ayudamos a conocer la calificaci\u00f3n energ\u00e9tica de tu vivienda, local o edificio y te proponemos soluciones concretas para mejorarla. \u00bfQu\u00e9 datos obtendr\u00e1s con el [&hellip;]\" \/>\n<meta property=\"og:url\" content=\"https:\/\/www.plusenergy.cat\/en\/servicios\/certificacion-energetica\/\" \/>\n<meta property=\"og:site_name\" content=\"Plus Energy\" \/>\n<meta property=\"article:modified_time\" content=\"2025-11-26T18:29:16+00:00\" \/>\n<meta name=\"twitter:card\" content=\"summary_large_image\" \/>\n<meta name=\"twitter:label1\" content=\"Estimated reading time\" \/>\n\t<meta name=\"twitter:data1\" content=\"1 minute\" \/>\n<script type=\"application\/ld+json\" class=\"yoast-schema-graph\">{\"@context\":\"https:\/\/schema.org\",\"@graph\":[{\"@type\":\"WebPage\",\"@id\":\"https:\/\/www.plusenergy.cat\/servicios\/certificacion-energetica\/\",\"url\":\"https:\/\/www.plusenergy.cat\/servicios\/certificacion-energetica\/\",\"name\":\"CERTIFICACI\u00d3N ENERG\u00c9TICA - Plus Energy\",\"isPartOf\":{\"@id\":\"https:\/\/www.plusenergy.cat\/#website\"},\"datePublished\":\"2025-06-23T07:37:50+00:00\",\"dateModified\":\"2025-11-26T18:29:16+00:00\",\"breadcrumb\":{\"@id\":\"https:\/\/www.plusenergy.cat\/servicios\/certificacion-energetica\/#breadcrumb\"},\"inLanguage\":\"en-GB\",\"potentialAction\":[{\"@type\":\"ReadAction\",\"target\":[\"https:\/\/www.plusenergy.cat\/servicios\/certificacion-energetica\/\"]}]},{\"@type\":\"BreadcrumbList\",\"@id\":\"https:\/\/www.plusenergy.cat\/servicios\/certificacion-energetica\/#breadcrumb\",\"itemListElement\":[{\"@type\":\"ListItem\",\"position\":1,\"name\":\"Portada\",\"item\":\"https:\/\/www.plusenergy.cat\/\"},{\"@type\":\"ListItem\",\"position\":2,\"name\":\"Servicios\",\"item\":\"https:\/\/www.plusenergy.cat\/servicios\/\"},{\"@type\":\"ListItem\",\"position\":3,\"name\":\"CERTIFICACI\u00d3N ENERG\u00c9TICA\"}]},{\"@type\":\"WebSite\",\"@id\":\"https:\/\/www.plusenergy.cat\/#website\",\"url\":\"https:\/\/www.plusenergy.cat\/\",\"name\":\"Plus Energy\",\"description\":\"Optimizaci\u00f3n energ\u00e9tica y rehabilitaci\u00f3n de edificios en Barcelona, Lleida y Vall\u00e8s\",\"potentialAction\":[{\"@type\":\"SearchAction\",\"target\":{\"@type\":\"EntryPoint\",\"urlTemplate\":\"https:\/\/www.plusenergy.cat\/?s={search_term_string}\"},\"query-input\":{\"@type\":\"PropertyValueSpecification\",\"valueRequired\":true,\"valueName\":\"search_term_string\"}}],\"inLanguage\":\"en-GB\"}]}<\/script>\n<!-- \/ Yoast SEO plugin. -->","yoast_head_json":{"title":"CERTIFICACI\u00d3N ENERG\u00c9TICA - Plus Energy","robots":{"index":"index","follow":"follow","max-snippet":"max-snippet:-1","max-image-preview":"max-image-preview:large","max-video-preview":"max-video-preview:-1"},"canonical":"https:\/\/www.plusenergy.cat\/en\/servicios\/certificacion-energetica\/","og_locale":"en_GB","og_type":"article","og_title":"CERTIFICACI\u00d3N ENERG\u00c9TICA - Plus Energy","og_description":"Inicio Ahorra energ\u00eda, reduce emisiones y aumenta el valor de su inmueble. La certificaci\u00f3n energ\u00e9tica es el primer paso para optimizar la eficiencia energ\u00e9tica de un edificio. En Plus Energy te ayudamos a conocer la calificaci\u00f3n energ\u00e9tica de tu vivienda, local o edificio y te proponemos soluciones concretas para mejorarla. \u00bfQu\u00e9 datos obtendr\u00e1s con el [&hellip;]","og_url":"https:\/\/www.plusenergy.cat\/en\/servicios\/certificacion-energetica\/","og_site_name":"Plus Energy","article_modified_time":"2025-11-26T18:29:16+00:00","twitter_card":"summary_large_image","twitter_misc":{"Estimated reading time":"1 minute"},"schema":{"@context":"https:\/\/schema.org","@graph":[{"@type":"WebPage","@id":"https:\/\/www.plusenergy.cat\/servicios\/certificacion-energetica\/","url":"https:\/\/www.plusenergy.cat\/servicios\/certificacion-energetica\/","name":"CERTIFICACI\u00d3N ENERG\u00c9TICA - Plus Energy","isPartOf":{"@id":"https:\/\/www.plusenergy.cat\/#website"},"datePublished":"2025-06-23T07:37:50+00:00","dateModified":"2025-11-26T18:29:16+00:00","breadcrumb":{"@id":"https:\/\/www.plusenergy.cat\/servicios\/certificacion-energetica\/#breadcrumb"},"inLanguage":"en-GB","potentialAction":[{"@type":"ReadAction","target":["https:\/\/www.plusenergy.cat\/servicios\/certificacion-energetica\/"]}]},{"@type":"BreadcrumbList","@id":"https:\/\/www.plusenergy.cat\/servicios\/certificacion-energetica\/#breadcrumb","itemListElement":[{"@type":"ListItem","position":1,"name":"Portada","item":"https:\/\/www.plusenergy.cat\/"},{"@type":"ListItem","position":2,"name":"Servicios","item":"https:\/\/www.plusenergy.cat\/servicios\/"},{"@type":"ListItem","position":3,"name":"CERTIFICACI\u00d3N ENERG\u00c9TICA"}]},{"@type":"WebSite","@id":"https:\/\/www.plusenergy.cat\/#website","url":"https:\/\/www.plusenergy.cat\/","name":"Plus Energy","description":"Energy optimization and building renovation in Barcelona, Lleida, and Vall\u00e8s","potentialAction":[{"@type":"SearchAction","target":{"@type":"EntryPoint","urlTemplate":"https:\/\/www.plusenergy.cat\/?s={search_term_string}"},"query-input":{"@type":"PropertyValueSpecification","valueRequired":true,"valueName":"search_term_string"}}],"inLanguage":"en-GB"}]}},"_links":{"self":[{"href":"https:\/\/www.plusenergy.cat\/en\/wp-json\/wp\/v2\/pages\/560","targetHints":{"allow":["GET"]}}],"collection":[{"href":"https:\/\/www.plusenergy.cat\/en\/wp-json\/wp\/v2\/pages"}],"about":[{"href":"https:\/\/www.plusenergy.cat\/en\/wp-json\/wp\/v2\/types\/page"}],"author":[{"embeddable":true,"href":"https:\/\/www.plusenergy.cat\/en\/wp-json\/wp\/v2\/users\/1"}],"replies":[{"embeddable":true,"href":"https:\/\/www.plusenergy.cat\/en\/wp-json\/wp\/v2\/comments?post=560"}],"version-history":[{"count":24,"href":"https:\/\/www.plusenergy.cat\/en\/wp-json\/wp\/v2\/pages\/560\/revisions"}],"predecessor-version":[{"id":937,"href":"https:\/\/www.plusenergy.cat\/en\/wp-json\/wp\/v2\/pages\/560\/revisions\/937"}],"up":[{"embeddable":true,"href":"https:\/\/www.plusenergy.cat\/en\/wp-json\/wp\/v2\/pages\/144"}],"wp:attachment":[{"href":"https:\/\/www.plusenergy.cat\/en\/wp-json\/wp\/v2\/media?parent=560"}],"curies":[{"name":"wp","href":"https:\/\/api.w.org\/{rel}","templated":true}]}}